{"id":1160,"date":"2025-07-04T09:24:01","date_gmt":"2025-07-04T09:24:01","guid":{"rendered":"https:\/\/xn--dnm-hoaab6v.com\/?page_id=1160"},"modified":"2025-07-04T09:44:36","modified_gmt":"2025-07-04T09:44:36","slug":"ibiza-fashion","status":"publish","type":"page","link":"https:\/\/xn--dnm-hoaab6v.com\/index.php\/ibiza-fashion\/","title":{"rendered":"\u0130B\u0130ZA FASH\u0130ON"},"content":{"rendered":"\t\t<div data-elementor-type=\"wp-page\" data-elementor-id=\"1160\" class=\"elementor elementor-1160\">\n\t\t\t\t<div class=\"elementor-element elementor-element-c64f057 e-flex e-con-boxed e-con e-parent\" data-id=\"c64f057\" data-element_type=\"container\">\n\t\t\t\t\t<div class=\"e-con-inner\">\n\t\t<div class=\"elementor-element elementor-element-1c91ee6 e-con-full e-flex e-con e-child\" data-id=\"1c91ee6\" data-element_type=\"container\">\n\t\t<div class=\"elementor-element elementor-element-c1f6ee0 e-con-full e-flex e-con e-child\" data-id=\"c1f6ee0\" data-element_type=\"container\">\n\t\t\t\t<div class=\"elementor-element elementor-element-683c86e the-title-center elementor-widget elementor-widget-pesta-head-title\" data-id=\"683c86e\" data-element_type=\"widget\" data-widget_type=\"pesta-head-title.default\">\n\t\t\t\t<div class=\"elementor-widget-container\">\n\t\t\t\t\t<div class=\"head-title head-title-8 clearfix\">\r\n\t<h1 class=\"the-title elementor-inline-editing\" >\r\n\t\t<h3><span style=\"color: rgb(255, 0, 127); font-size: 8rem; text-align: inherit; letter-spacing: 0px;\">\u0130B\u0130ZA FASH\u0130ON<\/span><span style=\"color: rgb(255, 0, 127); font-size: 8rem; text-align: inherit; letter-spacing: 0px;\"><\/span><\/h3>\t<\/h1>\r\n\t<\/div>\r\n\t\t\t\t\t\t<\/div>\n\t\t\t\t<\/div>\n\t\t\t\t<\/div>\n\t\t\t\t<\/div>\n\t\t\t\t\t<\/div>\n\t\t\t\t<\/div>\n\t\t<div class=\"elementor-element elementor-element-1ef06f6 e-flex e-con-boxed e-con e-parent\" data-id=\"1ef06f6\" data-element_type=\"container\">\n\t\t\t\t\t<div class=\"e-con-inner\">\n\t\t<div class=\"elementor-element elementor-element-5a0414a e-con-full e-flex e-con e-child\" data-id=\"5a0414a\" data-element_type=\"container\">\n\t\t<div class=\"elementor-element elementor-element-acd8ded e-con-full e-flex e-con e-child\" data-id=\"acd8ded\" data-element_type=\"container\">\n\t\t<div class=\"elementor-element elementor-element-dd1255d e-con-full e-flex e-con e-child\" data-id=\"dd1255d\" data-element_type=\"container\">\n\t\t\t\t<div class=\"elementor-element elementor-element-4d6db47 elementor-widget elementor-widget-pesta-text\" data-id=\"4d6db47\" data-element_type=\"widget\" data-widget_type=\"pesta-text.default\">\n\t\t\t\t<div class=\"elementor-widget-container\">\n\t\t\t\t\t<div class=\"pesta-text clearfix\">\r\n<p>D\u00fc\u011f\u00fcne Dair Her \u015eey Tek \u00c7at\u0131 Alt\u0131nda!<\/p><\/div>\t\t\t\t<\/div>\n\t\t\t\t<\/div>\n\t\t\t\t<\/div>\n\t\t\t\t<\/div>\n\t\t\t\t<\/div>\n\t\t\t\t\t<\/div>\n\t\t\t\t<\/div>\n\t\t<div class=\"elementor-element elementor-element-3fec1d5 e-flex e-con-boxed e-con e-parent\" data-id=\"3fec1d5\" data-element_type=\"container\">\n\t\t\t\t\t<div class=\"e-con-inner\">\n\t\t<div class=\"elementor-element elementor-element-9bf0a74 e-con-full e-flex e-con e-child\" data-id=\"9bf0a74\" data-element_type=\"container\">\n\t\t<div class=\"elementor-element elementor-element-7bd8603 e-con-full e-flex e-con e-child\" data-id=\"7bd8603\" data-element_type=\"container\">\n\t\t<div class=\"elementor-element elementor-element-0e70a11 e-grid e-con-full e-con e-child\" data-id=\"0e70a11\" data-element_type=\"container\">\n\t\t\t\t<div class=\"elementor-element elementor-element-359d268 elementor-widget elementor-widget-image\" data-id=\"359d268\" data-element_type=\"widget\" data-widget_type=\"image.default\">\n\t\t\t\t\t\t\t\t\t\t\t\t\t\t\t<img fetchpriority=\"high\" decoding=\"async\" width=\"300\" height=\"300\" src=\"https:\/\/xn--dnm-hoaab6v.com\/wp-content\/uploads\/2025\/07\/Adsiz-tasarim-10-300x300.png\" class=\"attachment-medium size-medium wp-image-1163\" alt=\"\" srcset=\"https:\/\/xn--dnm-hoaab6v.com\/wp-content\/uploads\/2025\/07\/Adsiz-tasarim-10-300x300.png 300w, https:\/\/xn--dnm-hoaab6v.com\/wp-content\/uploads\/2025\/07\/Adsiz-tasarim-10-150x150.png 150w, https:\/\/xn--dnm-hoaab6v.com\/wp-content\/uploads\/2025\/07\/Adsiz-tasarim-10-100x100.png 100w, https:\/\/xn--dnm-hoaab6v.com\/wp-content\/uploads\/2025\/07\/Adsiz-tasarim-10-80x80.png 80w, https:\/\/xn--dnm-hoaab6v.com\/wp-content\/uploads\/2025\/07\/Adsiz-tasarim-10-263x263.png 263w, https:\/\/xn--dnm-hoaab6v.com\/wp-content\/uploads\/2025\/07\/Adsiz-tasarim-10.png 500w\" sizes=\"(max-width: 300px) 100vw, 300px\" \/>\t\t\t\t\t\t\t\t\t\t\t\t\t\t\t<\/div>\n\t\t\t\t<div class=\"elementor-element elementor-element-c3943bf elementor-widget elementor-widget-heading\" data-id=\"c3943bf\" data-element_type=\"widget\" data-widget_type=\"heading.default\">\n\t\t\t\t\t<h2 class=\"elementor-heading-title elementor-size-default\"><p><strong>Ibiza Fashion<\/strong><\/p>\n<p>\u00d6zg\u00fcn tarz\u0131 ve modern \u00e7izgileriyle modaya farkl\u0131 bir soluk kat\u0131yor.<br>\nG\u00fcnl\u00fck giyimden \u00f6zel davet kombinlerine kadar her zevke hitap eden koleksiyonlar\u0131yla stilinizi tamaml\u0131yor.<br>\nRahatl\u0131\u011f\u0131 ve \u015f\u0131kl\u0131\u011f\u0131 bir arada sunan Ibiza Fashion, moday\u0131 kendine \u00f6zg\u00fc ya\u015famak isteyenlerin tercihi.<\/p>\n<\/h2>\t\t\t\t<\/div>\n\t\t\t\t<\/div>\n\t\t\t\t<\/div>\n\t\t\t\t<\/div>\n\t\t\t\t\t<\/div>\n\t\t\t\t<\/div>\n\t\t<div class=\"elementor-element elementor-element-a00beb0 e-flex e-con-boxed e-con e-parent\" data-id=\"a00beb0\" data-element_type=\"container\">\n\t\t\t\t\t<div class=\"e-con-inner\">\n\t\t<div class=\"elementor-element elementor-element-38b6183 e-con-full e-flex e-con e-child\" data-id=\"38b6183\" data-element_type=\"container\">\n\t\t<div class=\"elementor-element elementor-element-bc60583 e-grid e-con-full e-con e-child\" data-id=\"bc60583\" data-element_type=\"container\">\n\t\t<div class=\"elementor-element elementor-element-02c2264 e-con-full e-flex e-con e-child\" data-id=\"02c2264\" data-element_type=\"container\">\n\t\t\t\t<div class=\"elementor-element elementor-element-eb3f10a elementor-widget elementor-widget-google_maps\" data-id=\"eb3f10a\" data-element_type=\"widget\" data-widget_type=\"google_maps.default\">\n\t\t\t\t\t\t\t<div class=\"elementor-custom-embed\">\n\t\t\t<iframe loading=\"lazy\"\n\t\t\t\t\tsrc=\"https:\/\/maps.google.com\/maps?q=Servi%20Mah.%20K%C3%BC%C3%A7%C3%BCk%20Osman%20Efendi%20Sok.%20No%20%3A1%2F1%20%28Fesle%C4%9Fen%20Restorant%20yan%C4%B1%2C%20Cacao%20Kafe%20%C3%BCst%C3%BC%29%2C%20K%C3%BCtahya%2043000&#038;t=m&#038;z=8&#038;output=embed&#038;iwloc=near\"\n\t\t\t\t\ttitle=\"Servi Mah. K\u00fc\u00e7\u00fck Osman Efendi Sok. No :1\/1 (Fesle\u011fen Restorant yan\u0131, Cacao Kafe \u00fcst\u00fc), K\u00fctahya 43000\"\n\t\t\t\t\taria-label=\"Servi Mah. K\u00fc\u00e7\u00fck Osman Efendi Sok. No :1\/1 (Fesle\u011fen Restorant yan\u0131, Cacao Kafe \u00fcst\u00fc), K\u00fctahya 43000\"\n\t\t\t><\/iframe>\n\t\t<\/div>\n\t\t\t\t\t\t<\/div>\n\t\t\t\t<\/div>\n\t\t<div class=\"elementor-element elementor-element-058f3bd e-con-full e-flex e-con e-child\" data-id=\"058f3bd\" data-element_type=\"container\">\n\t\t\t\t<div class=\"elementor-element elementor-element-2c8bf98 the-title-center elementor-widget elementor-widget-pesta-head-title\" data-id=\"2c8bf98\" data-element_type=\"widget\" data-widget_type=\"pesta-head-title.default\">\n\t\t\t\t<div class=\"elementor-widget-container\">\n\t\t\t\t\t<div class=\"head-title head-title-2 clearfix\">\r\n\t<h2 class=\"the-title elementor-inline-editing\" >\r\n\t\t\t\t\u0130leti\u015fim Bilgileri\t<\/h2>\r\n<\/div>\r\n\t\t\t\t\t\t<\/div>\n\t\t\t\t<\/div>\n\t\t\t\t<div class=\"elementor-element elementor-element-483540c elementor-widget elementor-widget-pesta-text\" data-id=\"483540c\" data-element_type=\"widget\" data-widget_type=\"pesta-text.default\">\n\t\t\t\t<div class=\"elementor-widget-container\">\n\t\t\t\t\t<div class=\"pesta-text clearfix\">\r\n<h4>Hayallerinle ileti\u015fime ge\u00e7meye haz\u0131r m\u0131s\u0131n?<\/h4><\/div>\t\t\t\t<\/div>\n\t\t\t\t<\/div>\n\t\t\t\t<div class=\"elementor-element elementor-element-5a0e127 elementor-vertical-align-top elementor-widget elementor-widget-image-box\" data-id=\"5a0e127\" data-element_type=\"widget\" data-widget_type=\"image-box.default\">\n\t\t\t\t\t<div class=\"elementor-image-box-wrapper\"><div class=\"elementor-image-box-content\"><h3 class=\"elementor-image-box-title\"><a href=\"\">Telefon:<\/a><\/h3><p class=\"elementor-image-box-description\">+90 532 177 43 72\n<\/p><\/div><\/div>\t\t\t\t<\/div>\n\t\t\t\t<div class=\"elementor-element elementor-element-dab13b9 elementor-vertical-align-top elementor-widget elementor-widget-image-box\" data-id=\"dab13b9\" data-element_type=\"widget\" data-widget_type=\"image-box.default\">\n\t\t\t\t\t<div class=\"elementor-image-box-wrapper\"><div class=\"elementor-image-box-content\"><h3 class=\"elementor-image-box-title\"><a href=\"https:\/\/www.instagram.com\/ibizafashionnn\/\" target=\"_blank\">Sosyal Medya:<\/a><\/h3><p class=\"elementor-image-box-description\">ibizafashionnn<\/p><\/div><\/div>\t\t\t\t<\/div>\n\t\t\t\t<div class=\"elementor-element elementor-element-ff35d6f elementor-vertical-align-top elementor-widget elementor-widget-image-box\" data-id=\"ff35d6f\" data-element_type=\"widget\" data-widget_type=\"image-box.default\">\n\t\t\t\t\t<div class=\"elementor-image-box-wrapper\"><div class=\"elementor-image-box-content\"><h3 class=\"elementor-image-box-title\"><a href=\"\">Adres:<\/a><\/h3><p class=\"elementor-image-box-description\">Servi Mah. K\u00fc\u00e7\u00fck Osman Efendi Sok. No :1\/1 (Fesle\u011fen Restorant yan\u0131, Cacao Kafe \u00fcst\u00fc), K\u00fctahya 43000<\/p><\/div><\/div>\t\t\t\t<\/div>\n\t\t\t\t<\/div>\n\t\t\t\t<\/div>\n\t\t\t\t<\/div>\n\t\t\t\t\t<\/div>\n\t\t\t\t<\/div>\n\t\t<div class=\"elementor-element elementor-element-11df360 e-flex e-con-boxed e-con e-parent\" data-id=\"11df360\" data-element_type=\"container\">\n\t\t\t\t\t<div class=\"e-con-inner\">\n\t\t\t\t<div class=\"elementor-element elementor-element-0626702 elementor-widget elementor-widget-image-gallery\" data-id=\"0626702\" data-element_type=\"widget\" data-widget_type=\"image-gallery.default\">\n\t\t\t\t\t\t\t<div class=\"elementor-image-gallery\">\n\t\t\t<div id='gallery-1' class='gallery galleryid-1160 gallery-columns-2 gallery-size-full'><figure class='gallery-item'>\n\t\t\t<div class='gallery-icon portrait'>\n\t\t\t\t<a data-elementor-open-lightbox=\"yes\" data-elementor-lightbox-slideshow=\"0626702\" data-elementor-lightbox-title=\"Ekran g\u00f6r\u00fcnt\u00fcs\u00fc 2025-07-04 124318\" data-e-action-hash=\"#elementor-action%3Aaction%3Dlightbox%26settings%3DeyJpZCI6MTE2NCwidXJsIjoiaHR0cHM6XC9cL3huLS1kbm0taG9hYWI2di5jb21cL3dwLWNvbnRlbnRcL3VwbG9hZHNcLzIwMjVcLzA3XC9Fa3Jhbi1nb3J1bnR1c3UtMjAyNS0wNy0wNC0xMjQzMTgucG5nIiwic2xpZGVzaG93IjoiMDYyNjcwMiJ9\" href='https:\/\/xn--dnm-hoaab6v.com\/wp-content\/uploads\/2025\/07\/Ekran-goruntusu-2025-07-04-124318.png'><img decoding=\"async\" width=\"482\" height=\"803\" src=\"https:\/\/xn--dnm-hoaab6v.com\/wp-content\/uploads\/2025\/07\/Ekran-goruntusu-2025-07-04-124318.png\" class=\"attachment-full size-full\" alt=\"\" srcset=\"https:\/\/xn--dnm-hoaab6v.com\/wp-content\/uploads\/2025\/07\/Ekran-goruntusu-2025-07-04-124318.png 482w, https:\/\/xn--dnm-hoaab6v.com\/wp-content\/uploads\/2025\/07\/Ekran-goruntusu-2025-07-04-124318-180x300.png 180w\" sizes=\"(max-width: 482px) 100vw, 482px\" \/><\/a>\n\t\t\t<\/div><\/figure>\n\t\t<\/div>\n\t\t<\/div>\n\t\t\t\t\t\t<\/div>\n\t\t\t\t\t<\/div>\n\t\t\t\t<\/div>\n\t\t\t\t<\/div>\n\t\t","protected":false},"excerpt":{"rendered":"<p>Ibiza Fashion \u00d6zg\u00fcn tarz\u0131 ve modern \u00e7izgileriyle modaya farkl\u0131 bir soluk kat\u0131yor. G\u00fcnl\u00fck giyimden \u00f6zel davet kombinlerine kadar her zevke&#8230;<\/p>\n","protected":false},"author":1,"featured_media":0,"parent":0,"menu_order":0,"comment_status":"closed","ping_status":"closed","template":"template\/page-builder-template.php","meta":{"footnotes":""},"class_list":["post-1160","page","type-page","status-publish","hentry","blog-item no-thumb clearfix"],"acf":[],"_links":{"self":[{"href":"https:\/\/xn--dnm-hoaab6v.com\/index.php\/wp-json\/wp\/v2\/pages\/1160","targetHints":{"allow":["GET"]}}],"collection":[{"href":"https:\/\/xn--dnm-hoaab6v.com\/index.php\/wp-json\/wp\/v2\/pages"}],"about":[{"href":"https:\/\/xn--dnm-hoaab6v.com\/index.php\/wp-json\/wp\/v2\/types\/page"}],"author":[{"embeddable":true,"href":"https:\/\/xn--dnm-hoaab6v.com\/index.php\/wp-json\/wp\/v2\/users\/1"}],"replies":[{"embeddable":true,"href":"https:\/\/xn--dnm-hoaab6v.com\/index.php\/wp-json\/wp\/v2\/comments?post=1160"}],"version-history":[{"count":4,"href":"https:\/\/xn--dnm-hoaab6v.com\/index.php\/wp-json\/wp\/v2\/pages\/1160\/revisions"}],"predecessor-version":[{"id":1167,"href":"https:\/\/xn--dnm-hoaab6v.com\/index.php\/wp-json\/wp\/v2\/pages\/1160\/revisions\/1167"}],"wp:attachment":[{"href":"https:\/\/xn--dnm-hoaab6v.com\/index.php\/wp-json\/wp\/v2\/media?parent=1160"}],"curies":[{"name":"wp","href":"https:\/\/api.w.org\/{rel}","templated":true}]}}