{"id":1128,"date":"2025-07-04T08:38:31","date_gmt":"2025-07-04T08:38:31","guid":{"rendered":"https:\/\/xn--dnm-hoaab6v.com\/?page_id=1128"},"modified":"2025-07-04T08:46:34","modified_gmt":"2025-07-04T08:46:34","slug":"cinili-otel-plus","status":"publish","type":"page","link":"https:\/\/xn--dnm-hoaab6v.com\/index.php\/cinili-otel-plus\/","title":{"rendered":"\u00c7inili Otel Plus"},"content":{"rendered":"\t\t<div data-elementor-type=\"wp-page\" data-elementor-id=\"1128\" class=\"elementor elementor-1128\">\n\t\t\t\t<div class=\"elementor-element elementor-element-b8046a7 e-flex e-con-boxed e-con e-parent\" data-id=\"b8046a7\" data-element_type=\"container\">\n\t\t\t\t\t<div class=\"e-con-inner\">\n\t\t<div class=\"elementor-element elementor-element-2c01559 e-con-full e-flex e-con e-child\" data-id=\"2c01559\" data-element_type=\"container\">\n\t\t\t\t<div class=\"elementor-element elementor-element-9874f7d the-title-center elementor-widget elementor-widget-pesta-head-title\" data-id=\"9874f7d\" data-element_type=\"widget\" data-widget_type=\"pesta-head-title.default\">\n\t\t\t\t<div class=\"elementor-widget-container\">\n\t\t\t\t\t<div class=\"head-title head-title-8 clearfix\">\r\n\t<h1 class=\"the-title elementor-inline-editing\" >\r\n\t\t\u00c7inili Otel Plus\t<\/h1>\r\n\t<\/div>\r\n\t\t\t\t\t\t<\/div>\n\t\t\t\t<\/div>\n\t\t\t\t<\/div>\n\t\t\t\t\t<\/div>\n\t\t\t\t<\/div>\n\t\t<div class=\"elementor-element elementor-element-bc8b261 e-flex e-con-boxed e-con e-parent\" data-id=\"bc8b261\" data-element_type=\"container\">\n\t\t\t\t\t<div class=\"e-con-inner\">\n\t\t<div class=\"elementor-element elementor-element-813cf6d e-con-full e-flex e-con e-child\" data-id=\"813cf6d\" data-element_type=\"container\">\n\t\t<div class=\"elementor-element elementor-element-fb82005 e-con-full e-flex e-con e-child\" data-id=\"fb82005\" data-element_type=\"container\">\n\t\t\t\t<div class=\"elementor-element elementor-element-2ea748a elementor-widget elementor-widget-pesta-text\" data-id=\"2ea748a\" data-element_type=\"widget\" data-widget_type=\"pesta-text.default\">\n\t\t\t\t<div class=\"elementor-widget-container\">\n\t\t\t\t\t<div class=\"pesta-text clearfix\">\r\n<p>D\u00fc\u011f\u00fcne Dair Her \u015eey Tek \u00c7at\u0131 Alt\u0131nda!<\/p><\/div>\t\t\t\t<\/div>\n\t\t\t\t<\/div>\n\t\t\t\t<\/div>\n\t\t\t\t<\/div>\n\t\t\t\t\t<\/div>\n\t\t\t\t<\/div>\n\t\t<div class=\"elementor-element elementor-element-2c62f7f e-flex e-con-boxed e-con e-parent\" data-id=\"2c62f7f\" data-element_type=\"container\">\n\t\t\t\t\t<div class=\"e-con-inner\">\n\t\t<div class=\"elementor-element elementor-element-07bffb4 e-con-full e-flex e-con e-child\" data-id=\"07bffb4\" data-element_type=\"container\">\n\t\t<div class=\"elementor-element elementor-element-cc42e8d e-con-full e-flex e-con e-child\" data-id=\"cc42e8d\" data-element_type=\"container\">\n\t\t<div class=\"elementor-element elementor-element-938a9df e-grid e-con-full e-con e-child\" data-id=\"938a9df\" data-element_type=\"container\">\n\t\t\t\t<div class=\"elementor-element elementor-element-4e0a302 elementor-widget elementor-widget-image\" data-id=\"4e0a302\" data-element_type=\"widget\" data-widget_type=\"image.default\">\n\t\t\t\t\t\t\t\t\t\t\t\t\t\t\t<img fetchpriority=\"high\" decoding=\"async\" width=\"300\" height=\"300\" src=\"https:\/\/xn--dnm-hoaab6v.com\/wp-content\/uploads\/2025\/07\/Adsiz-tasarim-7-300x300.png\" class=\"attachment-medium size-medium wp-image-1131\" alt=\"\" srcset=\"https:\/\/xn--dnm-hoaab6v.com\/wp-content\/uploads\/2025\/07\/Adsiz-tasarim-7-300x300.png 300w, https:\/\/xn--dnm-hoaab6v.com\/wp-content\/uploads\/2025\/07\/Adsiz-tasarim-7-150x150.png 150w, https:\/\/xn--dnm-hoaab6v.com\/wp-content\/uploads\/2025\/07\/Adsiz-tasarim-7-100x100.png 100w, https:\/\/xn--dnm-hoaab6v.com\/wp-content\/uploads\/2025\/07\/Adsiz-tasarim-7-80x80.png 80w, https:\/\/xn--dnm-hoaab6v.com\/wp-content\/uploads\/2025\/07\/Adsiz-tasarim-7-263x263.png 263w, https:\/\/xn--dnm-hoaab6v.com\/wp-content\/uploads\/2025\/07\/Adsiz-tasarim-7.png 500w\" sizes=\"(max-width: 300px) 100vw, 300px\" \/>\t\t\t\t\t\t\t\t\t\t\t\t\t\t\t<\/div>\n\t\t\t\t<div class=\"elementor-element elementor-element-7a000b4 elementor-widget elementor-widget-heading\" data-id=\"7a000b4\" data-element_type=\"widget\" data-widget_type=\"heading.default\">\n\t\t\t\t\t<h2 class=\"elementor-heading-title elementor-size-default\"><p><strong>\u00c7inili Otel Plus<\/strong><\/p>\n<p>Kapasite d\u00fczeyi \u00c7inili Otel'in 41 yatak - 54 ki\u015fi ve 30 oda, \u00c7inili Plus Otel'in ise 35 yatak - 49 ki\u015fi ve 21 oda ile hizmet vermektedir.<br>\nK\u00fctahya'n\u0131n tarihi dokusunda yer alan \u00c7inili Otel, geleneksel \u00e7ini sanat\u0131n\u0131 modern konforla bulu\u015fturuyor.<br>\nMisafirlere sanatsal bir atmosfer sunan otel, konforlu odalar\u0131yla ziyaret\u00e7ilerine rahatlat\u0131c\u0131 bir deneyim sa\u011fl\u0131yor.<br>\n\u00c7inili Otel, sanat\u0131 ve konforu bir arada arayanlar i\u00e7in m\u00fckemmel bir tercih.<\/p>\n<\/h2>\t\t\t\t<\/div>\n\t\t\t\t<\/div>\n\t\t\t\t<\/div>\n\t\t\t\t<\/div>\n\t\t\t\t\t<\/div>\n\t\t\t\t<\/div>\n\t\t<div class=\"elementor-element elementor-element-14a5954 e-flex e-con-boxed e-con e-parent\" data-id=\"14a5954\" data-element_type=\"container\">\n\t\t\t\t\t<div class=\"e-con-inner\">\n\t\t<div class=\"elementor-element elementor-element-1ca24cc e-con-full e-flex e-con e-child\" data-id=\"1ca24cc\" data-element_type=\"container\">\n\t\t<div class=\"elementor-element elementor-element-eac1050 e-grid e-con-full e-con e-child\" data-id=\"eac1050\" data-element_type=\"container\">\n\t\t<div class=\"elementor-element elementor-element-cbfbdaa e-con-full e-flex e-con e-child\" data-id=\"cbfbdaa\" data-element_type=\"container\">\n\t\t\t\t<div class=\"elementor-element elementor-element-8660458 elementor-widget elementor-widget-google_maps\" data-id=\"8660458\" data-element_type=\"widget\" data-widget_type=\"google_maps.default\">\n\t\t\t\t\t\t\t<div class=\"elementor-custom-embed\">\n\t\t\t<iframe loading=\"lazy\"\n\t\t\t\t\tsrc=\"https:\/\/maps.google.com\/maps?q=Y%C4%B1ld%C4%B1r%C4%B1m%20Beyaz%C4%B1t%2C%20Atat%C3%BCrk%20Blv.%20No%3A70%2C%2043020%20K%C3%BCtahya%20Merkez%2FK%C3%BCtahya&#038;t=m&#038;z=8&#038;output=embed&#038;iwloc=near\"\n\t\t\t\t\ttitle=\"Y\u0131ld\u0131r\u0131m Beyaz\u0131t, Atat\u00fcrk Blv. No:70, 43020 K\u00fctahya Merkez\/K\u00fctahya\"\n\t\t\t\t\taria-label=\"Y\u0131ld\u0131r\u0131m Beyaz\u0131t, Atat\u00fcrk Blv. No:70, 43020 K\u00fctahya Merkez\/K\u00fctahya\"\n\t\t\t><\/iframe>\n\t\t<\/div>\n\t\t\t\t\t\t<\/div>\n\t\t\t\t<\/div>\n\t\t<div class=\"elementor-element elementor-element-344e1c8 e-con-full e-flex e-con e-child\" data-id=\"344e1c8\" data-element_type=\"container\">\n\t\t\t\t<div class=\"elementor-element elementor-element-80f0026 the-title-center elementor-widget elementor-widget-pesta-head-title\" data-id=\"80f0026\" data-element_type=\"widget\" data-widget_type=\"pesta-head-title.default\">\n\t\t\t\t<div class=\"elementor-widget-container\">\n\t\t\t\t\t<div class=\"head-title head-title-2 clearfix\">\r\n\t<h2 class=\"the-title elementor-inline-editing\" >\r\n\t\t\t\t\u0130leti\u015fim Bilgileri\t<\/h2>\r\n<\/div>\r\n\t\t\t\t\t\t<\/div>\n\t\t\t\t<\/div>\n\t\t\t\t<div class=\"elementor-element elementor-element-47ab45e elementor-widget elementor-widget-pesta-text\" data-id=\"47ab45e\" data-element_type=\"widget\" data-widget_type=\"pesta-text.default\">\n\t\t\t\t<div class=\"elementor-widget-container\">\n\t\t\t\t\t<div class=\"pesta-text clearfix\">\r\n<h4>Hayallerinle ileti\u015fime ge\u00e7meye haz\u0131r m\u0131s\u0131n?<\/h4><\/div>\t\t\t\t<\/div>\n\t\t\t\t<\/div>\n\t\t\t\t<div class=\"elementor-element elementor-element-fadf007 elementor-vertical-align-top elementor-widget elementor-widget-image-box\" data-id=\"fadf007\" data-element_type=\"widget\" data-widget_type=\"image-box.default\">\n\t\t\t\t\t<div class=\"elementor-image-box-wrapper\"><div class=\"elementor-image-box-content\"><h3 class=\"elementor-image-box-title\"><a href=\"\">Telefon:<\/a><\/h3><p class=\"elementor-image-box-description\">+90 274 666 06 72\n<\/p><\/div><\/div>\t\t\t\t<\/div>\n\t\t\t\t<div class=\"elementor-element elementor-element-9c32584 elementor-vertical-align-top elementor-widget elementor-widget-image-box\" data-id=\"9c32584\" data-element_type=\"widget\" data-widget_type=\"image-box.default\">\n\t\t\t\t\t<div class=\"elementor-image-box-wrapper\"><div class=\"elementor-image-box-content\"><h3 class=\"elementor-image-box-title\"><a href=\"https:\/\/www.instagram.com\/ciniliotel\/\" target=\"_blank\">Sosyal Medya:<\/a><\/h3><p class=\"elementor-image-box-description\">ciniliotel\n<\/p><\/div><\/div>\t\t\t\t<\/div>\n\t\t\t\t<div class=\"elementor-element elementor-element-de9fdd7 elementor-vertical-align-top elementor-widget elementor-widget-image-box\" data-id=\"de9fdd7\" data-element_type=\"widget\" data-widget_type=\"image-box.default\">\n\t\t\t\t\t<div class=\"elementor-image-box-wrapper\"><div class=\"elementor-image-box-content\"><h3 class=\"elementor-image-box-title\"><a href=\"\">Adres:<\/a><\/h3><p class=\"elementor-image-box-description\">Y\u0131ld\u0131r\u0131m Beyaz\u0131t, Atat\u00fcrk Blv. No:70, 43020 K\u00fctahya Merkez\/K\u00fctahya<\/p><\/div><\/div>\t\t\t\t<\/div>\n\t\t\t\t<\/div>\n\t\t\t\t<\/div>\n\t\t\t\t<\/div>\n\t\t\t\t\t<\/div>\n\t\t\t\t<\/div>\n\t\t<div class=\"elementor-element elementor-element-4ac9ee5 e-flex e-con-boxed e-con e-parent\" data-id=\"4ac9ee5\" data-element_type=\"container\">\n\t\t\t\t\t<div class=\"e-con-inner\">\n\t\t\t\t<div class=\"elementor-element elementor-element-beaa1fd elementor-widget elementor-widget-image-gallery\" data-id=\"beaa1fd\" data-element_type=\"widget\" data-widget_type=\"image-gallery.default\">\n\t\t\t\t\t\t\t<div class=\"elementor-image-gallery\">\n\t\t\t<div id='gallery-1' class='gallery galleryid-1128 gallery-columns-2 gallery-size-full'><figure class='gallery-item'>\n\t\t\t<div class='gallery-icon landscape'>\n\t\t\t\t<a data-elementor-open-lightbox=\"yes\" data-elementor-lightbox-slideshow=\"beaa1fd\" data-elementor-lightbox-title=\"Ekran g\u00f6r\u00fcnt\u00fcs\u00fc 2025-07-04 114345\" data-e-action-hash=\"#elementor-action%3Aaction%3Dlightbox%26settings%3DeyJpZCI6MTEzMywidXJsIjoiaHR0cHM6XC9cL3huLS1kbm0taG9hYWI2di5jb21cL3dwLWNvbnRlbnRcL3VwbG9hZHNcLzIwMjVcLzA3XC9Fa3Jhbi1nb3J1bnR1c3UtMjAyNS0wNy0wNC0xMTQzNDUucG5nIiwic2xpZGVzaG93IjoiYmVhYTFmZCJ9\" href='https:\/\/xn--dnm-hoaab6v.com\/wp-content\/uploads\/2025\/07\/Ekran-goruntusu-2025-07-04-114345.png'><img decoding=\"async\" width=\"1085\" height=\"726\" src=\"https:\/\/xn--dnm-hoaab6v.com\/wp-content\/uploads\/2025\/07\/Ekran-goruntusu-2025-07-04-114345.png\" class=\"attachment-full size-full\" alt=\"\" srcset=\"https:\/\/xn--dnm-hoaab6v.com\/wp-content\/uploads\/2025\/07\/Ekran-goruntusu-2025-07-04-114345.png 1085w, https:\/\/xn--dnm-hoaab6v.com\/wp-content\/uploads\/2025\/07\/Ekran-goruntusu-2025-07-04-114345-300x201.png 300w, https:\/\/xn--dnm-hoaab6v.com\/wp-content\/uploads\/2025\/07\/Ekran-goruntusu-2025-07-04-114345-1024x685.png 1024w, https:\/\/xn--dnm-hoaab6v.com\/wp-content\/uploads\/2025\/07\/Ekran-goruntusu-2025-07-04-114345-768x514.png 768w\" sizes=\"(max-width: 1085px) 100vw, 1085px\" \/><\/a>\n\t\t\t<\/div><\/figure><figure class='gallery-item'>\n\t\t\t<div class='gallery-icon landscape'>\n\t\t\t\t<a data-elementor-open-lightbox=\"yes\" data-elementor-lightbox-slideshow=\"beaa1fd\" data-elementor-lightbox-title=\"Ekran g\u00f6r\u00fcnt\u00fcs\u00fc 2025-07-04 114405\" data-e-action-hash=\"#elementor-action%3Aaction%3Dlightbox%26settings%3DeyJpZCI6MTEzNCwidXJsIjoiaHR0cHM6XC9cL3huLS1kbm0taG9hYWI2di5jb21cL3dwLWNvbnRlbnRcL3VwbG9hZHNcLzIwMjVcLzA3XC9Fa3Jhbi1nb3J1bnR1c3UtMjAyNS0wNy0wNC0xMTQ0MDUucG5nIiwic2xpZGVzaG93IjoiYmVhYTFmZCJ9\" href='https:\/\/xn--dnm-hoaab6v.com\/wp-content\/uploads\/2025\/07\/Ekran-goruntusu-2025-07-04-114405.png'><img decoding=\"async\" width=\"1097\" height=\"723\" src=\"https:\/\/xn--dnm-hoaab6v.com\/wp-content\/uploads\/2025\/07\/Ekran-goruntusu-2025-07-04-114405.png\" class=\"attachment-full size-full\" alt=\"\" srcset=\"https:\/\/xn--dnm-hoaab6v.com\/wp-content\/uploads\/2025\/07\/Ekran-goruntusu-2025-07-04-114405.png 1097w, https:\/\/xn--dnm-hoaab6v.com\/wp-content\/uploads\/2025\/07\/Ekran-goruntusu-2025-07-04-114405-300x198.png 300w, https:\/\/xn--dnm-hoaab6v.com\/wp-content\/uploads\/2025\/07\/Ekran-goruntusu-2025-07-04-114405-1024x675.png 1024w, https:\/\/xn--dnm-hoaab6v.com\/wp-content\/uploads\/2025\/07\/Ekran-goruntusu-2025-07-04-114405-768x506.png 768w\" sizes=\"(max-width: 1097px) 100vw, 1097px\" \/><\/a>\n\t\t\t<\/div><\/figure><figure class='gallery-item'>\n\t\t\t<div class='gallery-icon landscape'>\n\t\t\t\t<a data-elementor-open-lightbox=\"yes\" data-elementor-lightbox-slideshow=\"beaa1fd\" data-elementor-lightbox-title=\"Ekran g\u00f6r\u00fcnt\u00fcs\u00fc 2025-07-04 114425\" data-e-action-hash=\"#elementor-action%3Aaction%3Dlightbox%26settings%3DeyJpZCI6MTEzNSwidXJsIjoiaHR0cHM6XC9cL3huLS1kbm0taG9hYWI2di5jb21cL3dwLWNvbnRlbnRcL3VwbG9hZHNcLzIwMjVcLzA3XC9Fa3Jhbi1nb3J1bnR1c3UtMjAyNS0wNy0wNC0xMTQ0MjUucG5nIiwic2xpZGVzaG93IjoiYmVhYTFmZCJ9\" href='https:\/\/xn--dnm-hoaab6v.com\/wp-content\/uploads\/2025\/07\/Ekran-goruntusu-2025-07-04-114425.png'><img loading=\"lazy\" decoding=\"async\" width=\"1092\" height=\"725\" src=\"https:\/\/xn--dnm-hoaab6v.com\/wp-content\/uploads\/2025\/07\/Ekran-goruntusu-2025-07-04-114425.png\" class=\"attachment-full size-full\" alt=\"\" srcset=\"https:\/\/xn--dnm-hoaab6v.com\/wp-content\/uploads\/2025\/07\/Ekran-goruntusu-2025-07-04-114425.png 1092w, https:\/\/xn--dnm-hoaab6v.com\/wp-content\/uploads\/2025\/07\/Ekran-goruntusu-2025-07-04-114425-300x199.png 300w, https:\/\/xn--dnm-hoaab6v.com\/wp-content\/uploads\/2025\/07\/Ekran-goruntusu-2025-07-04-114425-1024x680.png 1024w, https:\/\/xn--dnm-hoaab6v.com\/wp-content\/uploads\/2025\/07\/Ekran-goruntusu-2025-07-04-114425-768x510.png 768w\" sizes=\"(max-width: 1092px) 100vw, 1092px\" \/><\/a>\n\t\t\t<\/div><\/figure><figure class='gallery-item'>\n\t\t\t<div class='gallery-icon landscape'>\n\t\t\t\t<a data-elementor-open-lightbox=\"yes\" data-elementor-lightbox-slideshow=\"beaa1fd\" data-elementor-lightbox-title=\"Ekran g\u00f6r\u00fcnt\u00fcs\u00fc 2025-07-04 114445\" data-e-action-hash=\"#elementor-action%3Aaction%3Dlightbox%26settings%3DeyJpZCI6MTEzNiwidXJsIjoiaHR0cHM6XC9cL3huLS1kbm0taG9hYWI2di5jb21cL3dwLWNvbnRlbnRcL3VwbG9hZHNcLzIwMjVcLzA3XC9Fa3Jhbi1nb3J1bnR1c3UtMjAyNS0wNy0wNC0xMTQ0NDUucG5nIiwic2xpZGVzaG93IjoiYmVhYTFmZCJ9\" href='https:\/\/xn--dnm-hoaab6v.com\/wp-content\/uploads\/2025\/07\/Ekran-goruntusu-2025-07-04-114445.png'><img loading=\"lazy\" decoding=\"async\" width=\"1088\" height=\"722\" src=\"https:\/\/xn--dnm-hoaab6v.com\/wp-content\/uploads\/2025\/07\/Ekran-goruntusu-2025-07-04-114445.png\" class=\"attachment-full size-full\" alt=\"\" srcset=\"https:\/\/xn--dnm-hoaab6v.com\/wp-content\/uploads\/2025\/07\/Ekran-goruntusu-2025-07-04-114445.png 1088w, https:\/\/xn--dnm-hoaab6v.com\/wp-content\/uploads\/2025\/07\/Ekran-goruntusu-2025-07-04-114445-300x199.png 300w, https:\/\/xn--dnm-hoaab6v.com\/wp-content\/uploads\/2025\/07\/Ekran-goruntusu-2025-07-04-114445-1024x680.png 1024w, https:\/\/xn--dnm-hoaab6v.com\/wp-content\/uploads\/2025\/07\/Ekran-goruntusu-2025-07-04-114445-768x510.png 768w\" sizes=\"(max-width: 1088px) 100vw, 1088px\" \/><\/a>\n\t\t\t<\/div><\/figure><figure class='gallery-item'>\n\t\t\t<div class='gallery-icon landscape'>\n\t\t\t\t<a data-elementor-open-lightbox=\"yes\" data-elementor-lightbox-slideshow=\"beaa1fd\" data-elementor-lightbox-title=\"Ekran g\u00f6r\u00fcnt\u00fcs\u00fc 2025-07-04 114503\" data-e-action-hash=\"#elementor-action%3Aaction%3Dlightbox%26settings%3DeyJpZCI6MTEzNywidXJsIjoiaHR0cHM6XC9cL3huLS1kbm0taG9hYWI2di5jb21cL3dwLWNvbnRlbnRcL3VwbG9hZHNcLzIwMjVcLzA3XC9Fa3Jhbi1nb3J1bnR1c3UtMjAyNS0wNy0wNC0xMTQ1MDMucG5nIiwic2xpZGVzaG93IjoiYmVhYTFmZCJ9\" href='https:\/\/xn--dnm-hoaab6v.com\/wp-content\/uploads\/2025\/07\/Ekran-goruntusu-2025-07-04-114503.png'><img loading=\"lazy\" decoding=\"async\" width=\"1087\" height=\"726\" src=\"https:\/\/xn--dnm-hoaab6v.com\/wp-content\/uploads\/2025\/07\/Ekran-goruntusu-2025-07-04-114503.png\" class=\"attachment-full size-full\" alt=\"\" srcset=\"https:\/\/xn--dnm-hoaab6v.com\/wp-content\/uploads\/2025\/07\/Ekran-goruntusu-2025-07-04-114503.png 1087w, https:\/\/xn--dnm-hoaab6v.com\/wp-content\/uploads\/2025\/07\/Ekran-goruntusu-2025-07-04-114503-300x200.png 300w, https:\/\/xn--dnm-hoaab6v.com\/wp-content\/uploads\/2025\/07\/Ekran-goruntusu-2025-07-04-114503-1024x684.png 1024w, https:\/\/xn--dnm-hoaab6v.com\/wp-content\/uploads\/2025\/07\/Ekran-goruntusu-2025-07-04-114503-768x513.png 768w\" sizes=\"(max-width: 1087px) 100vw, 1087px\" \/><\/a>\n\t\t\t<\/div><\/figure>\n\t\t<\/div>\n\t\t<\/div>\n\t\t\t\t\t\t<\/div>\n\t\t\t\t\t<\/div>\n\t\t\t\t<\/div>\n\t\t\t\t<\/div>\n\t\t","protected":false},"excerpt":{"rendered":"<p>\u00c7inili Otel Plus Kapasite d\u00fczeyi \u00c7inili Otel&#8217;in 41 yatak &#8211; 54 ki\u015fi ve 30 oda, \u00c7inili Plus Otel&#8217;in ise 35&#8230;<\/p>\n","protected":false},"author":1,"featured_media":0,"parent":0,"menu_order":0,"comment_status":"closed","ping_status":"closed","template":"template\/page-builder-template.php","meta":{"footnotes":""},"class_list":["post-1128","page","type-page","status-publish","hentry","blog-item no-thumb clearfix"],"acf":[],"_links":{"self":[{"href":"https:\/\/xn--dnm-hoaab6v.com\/index.php\/wp-json\/wp\/v2\/pages\/1128","targetHints":{"allow":["GET"]}}],"collection":[{"href":"https:\/\/xn--dnm-hoaab6v.com\/index.php\/wp-json\/wp\/v2\/pages"}],"about":[{"href":"https:\/\/xn--dnm-hoaab6v.com\/index.php\/wp-json\/wp\/v2\/types\/page"}],"author":[{"embeddable":true,"href":"https:\/\/xn--dnm-hoaab6v.com\/index.php\/wp-json\/wp\/v2\/users\/1"}],"replies":[{"embeddable":true,"href":"https:\/\/xn--dnm-hoaab6v.com\/index.php\/wp-json\/wp\/v2\/comments?post=1128"}],"version-history":[{"count":4,"href":"https:\/\/xn--dnm-hoaab6v.com\/index.php\/wp-json\/wp\/v2\/pages\/1128\/revisions"}],"predecessor-version":[{"id":1140,"href":"https:\/\/xn--dnm-hoaab6v.com\/index.php\/wp-json\/wp\/v2\/pages\/1128\/revisions\/1140"}],"wp:attachment":[{"href":"https:\/\/xn--dnm-hoaab6v.com\/index.php\/wp-json\/wp\/v2\/media?parent=1128"}],"curies":[{"name":"wp","href":"https:\/\/api.w.org\/{rel}","templated":true}]}}