{"id":1118,"date":"2025-07-04T08:28:03","date_gmt":"2025-07-04T08:28:03","guid":{"rendered":"https:\/\/xn--dnm-hoaab6v.com\/?page_id=1118"},"modified":"2025-07-04T08:37:02","modified_gmt":"2025-07-04T08:37:02","slug":"goksu-cicekcilik","status":"publish","type":"page","link":"https:\/\/xn--dnm-hoaab6v.com\/index.php\/goksu-cicekcilik\/","title":{"rendered":"G\u00f6ksu \u00c7i\u00e7ek\u00e7ilik"},"content":{"rendered":"\t\t<div data-elementor-type=\"wp-page\" data-elementor-id=\"1118\" class=\"elementor elementor-1118\">\n\t\t\t\t<div class=\"elementor-element elementor-element-7a231e9 e-flex e-con-boxed e-con e-parent\" data-id=\"7a231e9\" data-element_type=\"container\">\n\t\t\t\t\t<div class=\"e-con-inner\">\n\t\t<div class=\"elementor-element elementor-element-807194a e-con-full e-flex e-con e-child\" data-id=\"807194a\" data-element_type=\"container\">\n\t\t\t\t<div class=\"elementor-element elementor-element-83855d5 the-title-center elementor-widget elementor-widget-pesta-head-title\" data-id=\"83855d5\" data-element_type=\"widget\" data-widget_type=\"pesta-head-title.default\">\n\t\t\t\t<div class=\"elementor-widget-container\">\n\t\t\t\t\t<div class=\"head-title head-title-8 clearfix\">\r\n\t<h1 class=\"the-title elementor-inline-editing\" >\r\n\t\tG\u00f6ksu \u00c7i\u00e7ek\u00e7ilik\t<\/h1>\r\n\t<\/div>\r\n\t\t\t\t\t\t<\/div>\n\t\t\t\t<\/div>\n\t\t\t\t<\/div>\n\t\t\t\t\t<\/div>\n\t\t\t\t<\/div>\n\t\t<div class=\"elementor-element elementor-element-8fb2d71 e-flex e-con-boxed e-con e-parent\" data-id=\"8fb2d71\" data-element_type=\"container\">\n\t\t\t\t\t<div class=\"e-con-inner\">\n\t\t<div class=\"elementor-element elementor-element-10f5f4b e-con-full e-flex e-con e-child\" data-id=\"10f5f4b\" data-element_type=\"container\">\n\t\t<div class=\"elementor-element elementor-element-e5cbf4e e-con-full e-flex e-con e-child\" data-id=\"e5cbf4e\" data-element_type=\"container\">\n\t\t<div class=\"elementor-element elementor-element-d3d00b6 e-con-full e-flex e-con e-child\" data-id=\"d3d00b6\" data-element_type=\"container\">\n\t\t\t\t<div class=\"elementor-element elementor-element-9dcf0f5 elementor-widget elementor-widget-pesta-text\" data-id=\"9dcf0f5\" data-element_type=\"widget\" data-widget_type=\"pesta-text.default\">\n\t\t\t\t<div class=\"elementor-widget-container\">\n\t\t\t\t\t<div class=\"pesta-text clearfix\">\r\n<p>D\u00fc\u011f\u00fcne Dair Her \u015eey Tek \u00c7at\u0131 Alt\u0131nda!<\/p><\/div>\t\t\t\t<\/div>\n\t\t\t\t<\/div>\n\t\t\t\t<\/div>\n\t\t\t\t<\/div>\n\t\t\t\t<\/div>\n\t\t\t\t\t<\/div>\n\t\t\t\t<\/div>\n\t\t<div class=\"elementor-element elementor-element-bb9e99e e-flex e-con-boxed e-con e-parent\" data-id=\"bb9e99e\" data-element_type=\"container\">\n\t\t\t\t\t<div class=\"e-con-inner\">\n\t\t<div class=\"elementor-element elementor-element-8a85a11 e-con-full e-flex e-con e-child\" data-id=\"8a85a11\" data-element_type=\"container\">\n\t\t<div class=\"elementor-element elementor-element-b424e6e e-con-full e-flex e-con e-child\" data-id=\"b424e6e\" data-element_type=\"container\">\n\t\t<div class=\"elementor-element elementor-element-74baf51 e-grid e-con-full e-con e-child\" data-id=\"74baf51\" data-element_type=\"container\">\n\t\t\t\t<div class=\"elementor-element elementor-element-3ffb0df elementor-widget elementor-widget-image\" data-id=\"3ffb0df\" data-element_type=\"widget\" data-widget_type=\"image.default\">\n\t\t\t\t\t\t\t\t\t\t\t\t\t\t\t<img fetchpriority=\"high\" decoding=\"async\" width=\"300\" height=\"300\" src=\"https:\/\/xn--dnm-hoaab6v.com\/wp-content\/uploads\/2025\/07\/Adsiz-tasarim-6-300x300.png\" class=\"attachment-medium size-medium wp-image-1121\" alt=\"\" srcset=\"https:\/\/xn--dnm-hoaab6v.com\/wp-content\/uploads\/2025\/07\/Adsiz-tasarim-6-300x300.png 300w, https:\/\/xn--dnm-hoaab6v.com\/wp-content\/uploads\/2025\/07\/Adsiz-tasarim-6-150x150.png 150w, https:\/\/xn--dnm-hoaab6v.com\/wp-content\/uploads\/2025\/07\/Adsiz-tasarim-6-100x100.png 100w, https:\/\/xn--dnm-hoaab6v.com\/wp-content\/uploads\/2025\/07\/Adsiz-tasarim-6-80x80.png 80w, https:\/\/xn--dnm-hoaab6v.com\/wp-content\/uploads\/2025\/07\/Adsiz-tasarim-6-263x263.png 263w, https:\/\/xn--dnm-hoaab6v.com\/wp-content\/uploads\/2025\/07\/Adsiz-tasarim-6.png 500w\" sizes=\"(max-width: 300px) 100vw, 300px\" \/>\t\t\t\t\t\t\t\t\t\t\t\t\t\t\t<\/div>\n\t\t\t\t<div class=\"elementor-element elementor-element-9f6bb3a elementor-widget elementor-widget-heading\" data-id=\"9f6bb3a\" data-element_type=\"widget\" data-widget_type=\"heading.default\">\n\t\t\t\t\t<h2 class=\"elementor-heading-title elementor-size-default\"><p><strong>G\u00f6ksu \u00c7i\u00e7ek\u00e7ilik<\/strong><\/p>\n<p>G\u00f6ksu \u00c7i\u00e7ek\u00e7ilik, \u00e7i\u00e7eklerin zarafetini ve duygular\u0131n g\u00fcc\u00fcn\u00fc bir araya getirerek \u00f6zel anlar\u0131n\u0131za anlam kat\u0131yor.<br>\nCanl\u0131 \u00e7i\u00e7ek aranjmanlar\u0131ndan buketlere, d\u00fc\u011f\u00fcn ve etkinlik s\u00fcslemelerinden ki\u015fiye \u00f6zel tasar\u0131mlara kadar her detayda \u00f6zen ve estetik \u00f6n planda.<br>\nSevdiklerinize duygular\u0131n\u0131z\u0131 en g\u00fczel \u015fekilde ifade etmek ya da mekan\u0131n\u0131za do\u011fan\u0131n ferahl\u0131\u011f\u0131n\u0131 ta\u015f\u0131mak i\u00e7in G\u00f6ksu \u00c7i\u00e7ek\u00e7ilik do\u011fru adres.<br>\nK\u00fctahya\u2019da taze, \u015f\u0131k ve unutulmaz \u00e7i\u00e7ekler i\u00e7in bizi tercih edin.<\/p>\n<\/h2>\t\t\t\t<\/div>\n\t\t\t\t<\/div>\n\t\t\t\t<\/div>\n\t\t\t\t<\/div>\n\t\t\t\t\t<\/div>\n\t\t\t\t<\/div>\n\t\t<div class=\"elementor-element elementor-element-4197703 e-flex e-con-boxed e-con e-parent\" data-id=\"4197703\" data-element_type=\"container\">\n\t\t\t\t\t<div class=\"e-con-inner\">\n\t\t<div class=\"elementor-element elementor-element-2f942da e-con-full e-flex e-con e-child\" data-id=\"2f942da\" data-element_type=\"container\">\n\t\t<div class=\"elementor-element elementor-element-4372e40 e-grid e-con-full e-con e-child\" data-id=\"4372e40\" data-element_type=\"container\">\n\t\t<div class=\"elementor-element elementor-element-362a79f e-con-full e-flex e-con e-child\" data-id=\"362a79f\" data-element_type=\"container\">\n\t\t\t\t<div class=\"elementor-element elementor-element-cdf5117 elementor-widget elementor-widget-google_maps\" data-id=\"cdf5117\" data-element_type=\"widget\" data-widget_type=\"google_maps.default\">\n\t\t\t\t\t\t\t<div class=\"elementor-custom-embed\">\n\t\t\t<iframe loading=\"lazy\"\n\t\t\t\t\tsrc=\"https:\/\/maps.google.com\/maps?q=esrek%20sultan%20i%C5%9Fhan%C4%B1%2C%20Alipa%C5%9Fa%2C%20Org.%20As%C4%B1m%20G%C3%BCnd%C3%BCz%20Cd.%20No%3A2%20D%3A2b%2C%20Merkez%2FK%C3%BCtahya&#038;t=m&#038;z=13&#038;output=embed&#038;iwloc=near\"\n\t\t\t\t\ttitle=\"esrek sultan i\u015fhan\u0131, Alipa\u015fa, Org. As\u0131m G\u00fcnd\u00fcz Cd. No:2 D:2b, Merkez\/K\u00fctahya\"\n\t\t\t\t\taria-label=\"esrek sultan i\u015fhan\u0131, Alipa\u015fa, Org. As\u0131m G\u00fcnd\u00fcz Cd. No:2 D:2b, Merkez\/K\u00fctahya\"\n\t\t\t><\/iframe>\n\t\t<\/div>\n\t\t\t\t\t\t<\/div>\n\t\t\t\t<\/div>\n\t\t<div class=\"elementor-element elementor-element-4410217 e-con-full e-flex e-con e-child\" data-id=\"4410217\" data-element_type=\"container\">\n\t\t\t\t<div class=\"elementor-element elementor-element-4359499 the-title-center elementor-widget elementor-widget-pesta-head-title\" data-id=\"4359499\" data-element_type=\"widget\" data-widget_type=\"pesta-head-title.default\">\n\t\t\t\t<div class=\"elementor-widget-container\">\n\t\t\t\t\t<div class=\"head-title head-title-2 clearfix\">\r\n\t<h2 class=\"the-title elementor-inline-editing\" >\r\n\t\t\t\t\u0130leti\u015fim Bilgileri\t<\/h2>\r\n<\/div>\r\n\t\t\t\t\t\t<\/div>\n\t\t\t\t<\/div>\n\t\t\t\t<div class=\"elementor-element elementor-element-4dfb1c9 elementor-widget elementor-widget-pesta-text\" data-id=\"4dfb1c9\" data-element_type=\"widget\" data-widget_type=\"pesta-text.default\">\n\t\t\t\t<div class=\"elementor-widget-container\">\n\t\t\t\t\t<div class=\"pesta-text clearfix\">\r\n<h4>Hayallerinle ileti\u015fime ge\u00e7meye haz\u0131r m\u0131s\u0131n?<\/h4><\/div>\t\t\t\t<\/div>\n\t\t\t\t<\/div>\n\t\t\t\t<div class=\"elementor-element elementor-element-f64eebf elementor-vertical-align-top elementor-widget elementor-widget-image-box\" data-id=\"f64eebf\" data-element_type=\"widget\" data-widget_type=\"image-box.default\">\n\t\t\t\t\t<div class=\"elementor-image-box-wrapper\"><div class=\"elementor-image-box-content\"><h3 class=\"elementor-image-box-title\"><a href=\"\">Telefon:<\/a><\/h3><p class=\"elementor-image-box-description\">+90 537 768 47 34\n<\/p><\/div><\/div>\t\t\t\t<\/div>\n\t\t\t\t<div class=\"elementor-element elementor-element-0600d97 elementor-vertical-align-top elementor-widget elementor-widget-image-box\" data-id=\"0600d97\" data-element_type=\"widget\" data-widget_type=\"image-box.default\">\n\t\t\t\t\t<div class=\"elementor-image-box-wrapper\"><div class=\"elementor-image-box-content\"><h3 class=\"elementor-image-box-title\"><a href=\"https:\/\/www.instagram.com\/kutahya_goksu_cicekcilik\/?hl=tr\" target=\"_blank\">Sosyal Medya:<\/a><\/h3><p class=\"elementor-image-box-description\">kutahya_goksu_cicekcilik<\/p><\/div><\/div>\t\t\t\t<\/div>\n\t\t\t\t<div class=\"elementor-element elementor-element-96acf0c elementor-vertical-align-top elementor-widget elementor-widget-image-box\" data-id=\"96acf0c\" data-element_type=\"widget\" data-widget_type=\"image-box.default\">\n\t\t\t\t\t<div class=\"elementor-image-box-wrapper\"><div class=\"elementor-image-box-content\"><h3 class=\"elementor-image-box-title\"><a href=\"\">Adres:<\/a><\/h3><p class=\"elementor-image-box-description\">esrek sultan i\u015fhan\u0131, Alipa\u015fa, Org. As\u0131m G\u00fcnd\u00fcz Cd. No:2 D:2b, Merkez\/K\u00fctahya<\/p><\/div><\/div>\t\t\t\t<\/div>\n\t\t\t\t<\/div>\n\t\t\t\t<\/div>\n\t\t\t\t<\/div>\n\t\t\t\t\t<\/div>\n\t\t\t\t<\/div>\n\t\t<div class=\"elementor-element elementor-element-2526c41 e-flex e-con-boxed e-con e-parent\" data-id=\"2526c41\" data-element_type=\"container\">\n\t\t\t\t\t<div class=\"e-con-inner\">\n\t\t\t\t<div class=\"elementor-element elementor-element-744868d elementor-widget elementor-widget-image-gallery\" data-id=\"744868d\" data-element_type=\"widget\" data-widget_type=\"image-gallery.default\">\n\t\t\t\t\t\t\t<div class=\"elementor-image-gallery\">\n\t\t\t<div id='gallery-1' class='gallery galleryid-1118 gallery-columns-2 gallery-size-full'><figure class='gallery-item'>\n\t\t\t<div class='gallery-icon portrait'>\n\t\t\t\t<a data-elementor-open-lightbox=\"yes\" data-elementor-lightbox-slideshow=\"744868d\" data-elementor-lightbox-title=\"Ekran g\u00f6r\u00fcnt\u00fcs\u00fc 2025-07-04 113431\" data-e-action-hash=\"#elementor-action%3Aaction%3Dlightbox%26settings%3DeyJpZCI6MTEyMiwidXJsIjoiaHR0cHM6XC9cL3huLS1kbm0taG9hYWI2di5jb21cL3dwLWNvbnRlbnRcL3VwbG9hZHNcLzIwMjVcLzA3XC9Fa3Jhbi1nb3J1bnR1c3UtMjAyNS0wNy0wNC0xMTM0MzEucG5nIiwic2xpZGVzaG93IjoiNzQ0ODY4ZCJ9\" href='https:\/\/xn--dnm-hoaab6v.com\/wp-content\/uploads\/2025\/07\/Ekran-goruntusu-2025-07-04-113431.png'><img decoding=\"async\" width=\"640\" height=\"852\" src=\"https:\/\/xn--dnm-hoaab6v.com\/wp-content\/uploads\/2025\/07\/Ekran-goruntusu-2025-07-04-113431.png\" class=\"attachment-full size-full\" alt=\"\" srcset=\"https:\/\/xn--dnm-hoaab6v.com\/wp-content\/uploads\/2025\/07\/Ekran-goruntusu-2025-07-04-113431.png 640w, https:\/\/xn--dnm-hoaab6v.com\/wp-content\/uploads\/2025\/07\/Ekran-goruntusu-2025-07-04-113431-225x300.png 225w\" sizes=\"(max-width: 640px) 100vw, 640px\" \/><\/a>\n\t\t\t<\/div><\/figure><figure class='gallery-item'>\n\t\t\t<div class='gallery-icon portrait'>\n\t\t\t\t<a data-elementor-open-lightbox=\"yes\" data-elementor-lightbox-slideshow=\"744868d\" data-elementor-lightbox-title=\"Ekran g\u00f6r\u00fcnt\u00fcs\u00fc 2025-07-04 113533\" data-e-action-hash=\"#elementor-action%3Aaction%3Dlightbox%26settings%3DeyJpZCI6MTEyNCwidXJsIjoiaHR0cHM6XC9cL3huLS1kbm0taG9hYWI2di5jb21cL3dwLWNvbnRlbnRcL3VwbG9hZHNcLzIwMjVcLzA3XC9Fa3Jhbi1nb3J1bnR1c3UtMjAyNS0wNy0wNC0xMTM1MzMucG5nIiwic2xpZGVzaG93IjoiNzQ0ODY4ZCJ9\" href='https:\/\/xn--dnm-hoaab6v.com\/wp-content\/uploads\/2025\/07\/Ekran-goruntusu-2025-07-04-113533.png'><img decoding=\"async\" width=\"638\" height=\"853\" src=\"https:\/\/xn--dnm-hoaab6v.com\/wp-content\/uploads\/2025\/07\/Ekran-goruntusu-2025-07-04-113533.png\" class=\"attachment-full size-full\" alt=\"\" srcset=\"https:\/\/xn--dnm-hoaab6v.com\/wp-content\/uploads\/2025\/07\/Ekran-goruntusu-2025-07-04-113533.png 638w, https:\/\/xn--dnm-hoaab6v.com\/wp-content\/uploads\/2025\/07\/Ekran-goruntusu-2025-07-04-113533-224x300.png 224w\" sizes=\"(max-width: 638px) 100vw, 638px\" \/><\/a>\n\t\t\t<\/div><\/figure>\n\t\t<\/div>\n\t\t<\/div>\n\t\t\t\t\t\t<\/div>\n\t\t\t\t\t<\/div>\n\t\t\t\t<\/div>\n\t\t\t\t<\/div>\n\t\t","protected":false},"excerpt":{"rendered":"<p>G\u00f6ksu \u00c7i\u00e7ek\u00e7ilik G\u00f6ksu \u00c7i\u00e7ek\u00e7ilik, \u00e7i\u00e7eklerin zarafetini ve duygular\u0131n g\u00fcc\u00fcn\u00fc bir araya getirerek \u00f6zel anlar\u0131n\u0131za anlam kat\u0131yor. Canl\u0131 \u00e7i\u00e7ek aranjmanlar\u0131ndan buketlere,&#8230;<\/p>\n","protected":false},"author":1,"featured_media":0,"parent":0,"menu_order":0,"comment_status":"closed","ping_status":"closed","template":"template\/page-builder-template.php","meta":{"footnotes":""},"class_list":["post-1118","page","type-page","status-publish","hentry","blog-item no-thumb clearfix"],"acf":[],"_links":{"self":[{"href":"https:\/\/xn--dnm-hoaab6v.com\/index.php\/wp-json\/wp\/v2\/pages\/1118","targetHints":{"allow":["GET"]}}],"collection":[{"href":"https:\/\/xn--dnm-hoaab6v.com\/index.php\/wp-json\/wp\/v2\/pages"}],"about":[{"href":"https:\/\/xn--dnm-hoaab6v.com\/index.php\/wp-json\/wp\/v2\/types\/page"}],"author":[{"embeddable":true,"href":"https:\/\/xn--dnm-hoaab6v.com\/index.php\/wp-json\/wp\/v2\/users\/1"}],"replies":[{"embeddable":true,"href":"https:\/\/xn--dnm-hoaab6v.com\/index.php\/wp-json\/wp\/v2\/comments?post=1118"}],"version-history":[{"count":4,"href":"https:\/\/xn--dnm-hoaab6v.com\/index.php\/wp-json\/wp\/v2\/pages\/1118\/revisions"}],"predecessor-version":[{"id":1127,"href":"https:\/\/xn--dnm-hoaab6v.com\/index.php\/wp-json\/wp\/v2\/pages\/1118\/revisions\/1127"}],"wp:attachment":[{"href":"https:\/\/xn--dnm-hoaab6v.com\/index.php\/wp-json\/wp\/v2\/media?parent=1118"}],"curies":[{"name":"wp","href":"https:\/\/api.w.org\/{rel}","templated":true}]}}