{"id":1107,"date":"2025-07-04T08:11:04","date_gmt":"2025-07-04T08:11:04","guid":{"rendered":"https:\/\/xn--dnm-hoaab6v.com\/?page_id=1107"},"modified":"2025-07-04T09:51:03","modified_gmt":"2025-07-04T09:51:03","slug":"by-ayhan-organizasyon","status":"publish","type":"page","link":"https:\/\/xn--dnm-hoaab6v.com\/index.php\/by-ayhan-organizasyon\/","title":{"rendered":"By Ayhan Organizasyon"},"content":{"rendered":"\t\t<div data-elementor-type=\"wp-page\" data-elementor-id=\"1107\" class=\"elementor elementor-1107\">\n\t\t\t\t<div class=\"elementor-element elementor-element-4fe2fa6 e-flex e-con-boxed e-con e-parent\" data-id=\"4fe2fa6\" data-element_type=\"container\">\n\t\t\t\t\t<div class=\"e-con-inner\">\n\t\t<div class=\"elementor-element elementor-element-7df70c8 e-con-full e-flex e-con e-child\" data-id=\"7df70c8\" data-element_type=\"container\">\n\t\t\t\t<div class=\"elementor-element elementor-element-3a387a6 the-title-center elementor-widget elementor-widget-pesta-head-title\" data-id=\"3a387a6\" data-element_type=\"widget\" data-widget_type=\"pesta-head-title.default\">\n\t\t\t\t<div class=\"elementor-widget-container\">\n\t\t\t\t\t<div class=\"head-title head-title-8 clearfix\">\r\n\t<h1 class=\"the-title elementor-inline-editing\" >\r\n\t\tBy Ayhan Organizasyon\t<\/h1>\r\n\t<\/div>\r\n\t\t\t\t\t\t<\/div>\n\t\t\t\t<\/div>\n\t\t\t\t<\/div>\n\t\t\t\t\t<\/div>\n\t\t\t\t<\/div>\n\t\t<div class=\"elementor-element elementor-element-b73e83e e-flex e-con-boxed e-con e-parent\" data-id=\"b73e83e\" data-element_type=\"container\">\n\t\t\t\t\t<div class=\"e-con-inner\">\n\t\t\t\t<div class=\"elementor-element elementor-element-8fac5be elementor-widget elementor-widget-pesta-text\" data-id=\"8fac5be\" data-element_type=\"widget\" data-widget_type=\"pesta-text.default\">\n\t\t\t\t<div class=\"elementor-widget-container\">\n\t\t\t\t\t<div class=\"pesta-text clearfix\">\r\n<p>D\u00fc\u011f\u00fcne Dair Her \u015eey Tek \u00c7at\u0131 Alt\u0131nda!<\/p><\/div>\t\t\t\t<\/div>\n\t\t\t\t<\/div>\n\t\t\t\t\t<\/div>\n\t\t\t\t<\/div>\n\t\t<div class=\"elementor-element elementor-element-6007287 e-grid e-con-boxed e-con e-parent\" data-id=\"6007287\" data-element_type=\"container\">\n\t\t\t\t\t<div class=\"e-con-inner\">\n\t\t<div class=\"elementor-element elementor-element-18029ba e-con-full e-flex e-con e-child\" data-id=\"18029ba\" data-element_type=\"container\">\n\t\t\t\t<div class=\"elementor-element elementor-element-579472f elementor-widget elementor-widget-image\" data-id=\"579472f\" data-element_type=\"widget\" data-widget_type=\"image.default\">\n\t\t\t\t\t\t\t\t\t\t\t\t\t\t\t<img fetchpriority=\"high\" decoding=\"async\" width=\"300\" height=\"300\" src=\"https:\/\/xn--dnm-hoaab6v.com\/wp-content\/uploads\/2025\/07\/Adsiz-tasarim-11-300x300.png\" class=\"attachment-medium size-medium wp-image-1172\" alt=\"\" srcset=\"https:\/\/xn--dnm-hoaab6v.com\/wp-content\/uploads\/2025\/07\/Adsiz-tasarim-11-300x300.png 300w, https:\/\/xn--dnm-hoaab6v.com\/wp-content\/uploads\/2025\/07\/Adsiz-tasarim-11-150x150.png 150w, https:\/\/xn--dnm-hoaab6v.com\/wp-content\/uploads\/2025\/07\/Adsiz-tasarim-11-100x100.png 100w, https:\/\/xn--dnm-hoaab6v.com\/wp-content\/uploads\/2025\/07\/Adsiz-tasarim-11-80x80.png 80w, https:\/\/xn--dnm-hoaab6v.com\/wp-content\/uploads\/2025\/07\/Adsiz-tasarim-11-263x263.png 263w, https:\/\/xn--dnm-hoaab6v.com\/wp-content\/uploads\/2025\/07\/Adsiz-tasarim-11.png 500w\" sizes=\"(max-width: 300px) 100vw, 300px\" \/>\t\t\t\t\t\t\t\t\t\t\t\t\t\t\t<\/div>\n\t\t\t\t<\/div>\n\t\t<div class=\"elementor-element elementor-element-1a81a8a e-con-full e-flex e-con e-child\" data-id=\"1a81a8a\" data-element_type=\"container\">\n\t\t\t\t<div class=\"elementor-element elementor-element-07daccf elementor-widget elementor-widget-heading\" data-id=\"07daccf\" data-element_type=\"widget\" data-widget_type=\"heading.default\">\n\t\t\t\t\t<h2 class=\"elementor-heading-title elementor-size-default\"><p><strong>By Ayhan Organizasyon<\/strong><\/p>\n<p>Hayalinizdeki anlar\u0131 ger\u00e7e\u011fe d\u00f6n\u00fc\u015ft\u00fcr\u00fcyoruz.<br>\nD\u00fc\u011f\u00fcn, ni\u015fan, k\u0131na gecesi, do\u011fum g\u00fcn\u00fc, kurumsal etkinlikler ve daha fazlas\u0131nda yan\u0131n\u0131zday\u0131z.<br>\nHer detayda estetik ve profesyonelli\u011fi \u00f6n planda tutan By Ayhan Organizasyon, \u00f6zel g\u00fcnlerinizi unutulmaz k\u0131l\u0131yor.<br>\nTecr\u00fcbeli ekibi, \u00f6zg\u00fcn konseptleri ve m\u00fc\u015fteri memnuniyetini esas alan yakla\u015f\u0131m\u0131yla sekt\u00f6rde fark yarat\u0131yor.<br>\nDekorasyondan sahne tasar\u0131m\u0131na, \u0131\u015f\u0131k ve ses sistemlerinden ikram hizmetlerine kadar her a\u015famada kaliteyi hissedece\u011finiz do\u011fru adrestesiniz.<\/p><\/h2>\t\t\t\t<\/div>\n\t\t\t\t<\/div>\n\t\t\t\t\t<\/div>\n\t\t\t\t<\/div>\n\t\t<div class=\"elementor-element elementor-element-bb9d5ea e-flex e-con-boxed e-con e-parent\" data-id=\"bb9d5ea\" data-element_type=\"container\">\n\t\t\t\t\t<div class=\"e-con-inner\">\n\t\t<div class=\"elementor-element elementor-element-58a4a90 e-con-full e-flex e-con e-child\" data-id=\"58a4a90\" data-element_type=\"container\">\n\t\t<div class=\"elementor-element elementor-element-0d7d3da e-con-full e-flex e-con e-child\" data-id=\"0d7d3da\" data-element_type=\"container\">\n\t\t<div class=\"elementor-element elementor-element-2b6c76f e-grid e-con-full e-con e-child\" data-id=\"2b6c76f\" data-element_type=\"container\">\n\t\t<div class=\"elementor-element elementor-element-5a9c1c5 e-con-full e-flex e-con e-child\" data-id=\"5a9c1c5\" data-element_type=\"container\">\n\t\t\t\t<div class=\"elementor-element elementor-element-cd8b737 elementor-widget elementor-widget-google_maps\" data-id=\"cd8b737\" data-element_type=\"widget\" data-widget_type=\"google_maps.default\">\n\t\t\t\t\t\t\t<div class=\"elementor-custom-embed\">\n\t\t\t<iframe loading=\"lazy\"\n\t\t\t\t\tsrc=\"https:\/\/maps.google.com\/maps?q=Y%C4%B1ld%C4%B1r%C4%B1m%20Beyaz%C4%B1t%20Mahallesi%20K%C4%B1%C5%9F%20Sokak%20Laleli%20Cami-i%20yan%C4%B1%20Laleli%20Plaza%20K%201%20D%205%2C%20K%C3%BCtahya%2FMerkez&#038;t=m&#038;z=8&#038;output=embed&#038;iwloc=near\"\n\t\t\t\t\ttitle=\"Y\u0131ld\u0131r\u0131m Beyaz\u0131t Mahallesi K\u0131\u015f Sokak Laleli Cami-i yan\u0131 Laleli Plaza K 1 D 5, K\u00fctahya\/Merkez\"\n\t\t\t\t\taria-label=\"Y\u0131ld\u0131r\u0131m Beyaz\u0131t Mahallesi K\u0131\u015f Sokak Laleli Cami-i yan\u0131 Laleli Plaza K 1 D 5, K\u00fctahya\/Merkez\"\n\t\t\t><\/iframe>\n\t\t<\/div>\n\t\t\t\t\t\t<\/div>\n\t\t\t\t<\/div>\n\t\t<div class=\"elementor-element elementor-element-2435af6 e-con-full e-flex e-con e-child\" data-id=\"2435af6\" data-element_type=\"container\">\n\t\t\t\t<div class=\"elementor-element elementor-element-038145d the-title-center elementor-widget elementor-widget-pesta-head-title\" data-id=\"038145d\" data-element_type=\"widget\" data-widget_type=\"pesta-head-title.default\">\n\t\t\t\t<div class=\"elementor-widget-container\">\n\t\t\t\t\t<div class=\"head-title head-title-2 clearfix\">\r\n\t<h2 class=\"the-title elementor-inline-editing\" >\r\n\t\t\t\t\u0130leti\u015fim Bilgileri\t<\/h2>\r\n<\/div>\r\n\t\t\t\t\t\t<\/div>\n\t\t\t\t<\/div>\n\t\t\t\t<div class=\"elementor-element elementor-element-ad972d1 elementor-widget elementor-widget-pesta-text\" data-id=\"ad972d1\" data-element_type=\"widget\" data-widget_type=\"pesta-text.default\">\n\t\t\t\t<div class=\"elementor-widget-container\">\n\t\t\t\t\t<div class=\"pesta-text clearfix\">\r\n<h4>Hayallerinle ileti\u015fime ge\u00e7meye haz\u0131r m\u0131s\u0131n?<\/h4><\/div>\t\t\t\t<\/div>\n\t\t\t\t<\/div>\n\t\t\t\t<div class=\"elementor-element elementor-element-37005b3 elementor-vertical-align-top elementor-widget elementor-widget-image-box\" data-id=\"37005b3\" data-element_type=\"widget\" data-widget_type=\"image-box.default\">\n\t\t\t\t\t<div class=\"elementor-image-box-wrapper\"><div class=\"elementor-image-box-content\"><h3 class=\"elementor-image-box-title\"><a href=\"\">Telefon:<\/a><\/h3><p class=\"elementor-image-box-description\">+90 532 470 33 55\n<\/p><\/div><\/div>\t\t\t\t<\/div>\n\t\t\t\t<div class=\"elementor-element elementor-element-c831d8a elementor-vertical-align-top elementor-widget elementor-widget-image-box\" data-id=\"c831d8a\" data-element_type=\"widget\" data-widget_type=\"image-box.default\">\n\t\t\t\t\t<div class=\"elementor-image-box-wrapper\"><div class=\"elementor-image-box-content\"><h3 class=\"elementor-image-box-title\"><a href=\"https:\/\/www.instagram.com\/explore\/locations\/160705377410876\/by-ayhan-davet-organizasyon\/\" target=\"_blank\">Sosyal Medya:<\/a><\/h3><p class=\"elementor-image-box-description\">By ayhan Davet & Organizasyon<\/p><\/div><\/div>\t\t\t\t<\/div>\n\t\t\t\t<div class=\"elementor-element elementor-element-524a8f5 elementor-vertical-align-top elementor-widget elementor-widget-image-box\" data-id=\"524a8f5\" data-element_type=\"widget\" data-widget_type=\"image-box.default\">\n\t\t\t\t\t<div class=\"elementor-image-box-wrapper\"><div class=\"elementor-image-box-content\"><h3 class=\"elementor-image-box-title\"><a href=\"\">Adres:<\/a><\/h3><p class=\"elementor-image-box-description\">Servi Mahallesi Karaahmet Sokak S\u00fcr\u00fcc\u00fco\u011flu Apartman\u0131 Kat:1 Daire:3 K\u00fctahya \/ Merkez<\/p><\/div><\/div>\t\t\t\t<\/div>\n\t\t\t\t<\/div>\n\t\t\t\t<\/div>\n\t\t\t\t<\/div>\n\t\t\t\t<\/div>\n\t\t\t\t\t<\/div>\n\t\t\t\t<\/div>\n\t\t<div class=\"elementor-element elementor-element-81146e3 e-flex e-con-boxed e-con e-parent\" data-id=\"81146e3\" data-element_type=\"container\">\n\t\t\t\t\t<div class=\"e-con-inner\">\n\t\t\t\t<div class=\"elementor-element elementor-element-b986adb elementor-widget elementor-widget-image-gallery\" data-id=\"b986adb\" data-element_type=\"widget\" data-widget_type=\"image-gallery.default\">\n\t\t\t\t\t\t\t<div class=\"elementor-image-gallery\">\n\t\t\t<div id='gallery-1' class='gallery galleryid-1107 gallery-columns-2 gallery-size-full'><figure class='gallery-item'>\n\t\t\t<div class='gallery-icon portrait'>\n\t\t\t\t<a data-elementor-open-lightbox=\"yes\" data-elementor-lightbox-slideshow=\"b986adb\" data-elementor-lightbox-title=\"Ekran g\u00f6r\u00fcnt\u00fcs\u00fc 2025-07-04 112039\" data-e-action-hash=\"#elementor-action%3Aaction%3Dlightbox%26settings%3DeyJpZCI6MTExMiwidXJsIjoiaHR0cHM6XC9cL3huLS1kbm0taG9hYWI2di5jb21cL3dwLWNvbnRlbnRcL3VwbG9hZHNcLzIwMjVcLzA3XC9Fa3Jhbi1nb3J1bnR1c3UtMjAyNS0wNy0wNC0xMTIwMzkucG5nIiwic2xpZGVzaG93IjoiYjk4NmFkYiJ9\" href='https:\/\/xn--dnm-hoaab6v.com\/wp-content\/uploads\/2025\/07\/Ekran-goruntusu-2025-07-04-112039.png'><img decoding=\"async\" width=\"598\" height=\"982\" src=\"https:\/\/xn--dnm-hoaab6v.com\/wp-content\/uploads\/2025\/07\/Ekran-goruntusu-2025-07-04-112039.png\" class=\"attachment-full size-full\" alt=\"\" srcset=\"https:\/\/xn--dnm-hoaab6v.com\/wp-content\/uploads\/2025\/07\/Ekran-goruntusu-2025-07-04-112039.png 598w, https:\/\/xn--dnm-hoaab6v.com\/wp-content\/uploads\/2025\/07\/Ekran-goruntusu-2025-07-04-112039-183x300.png 183w\" sizes=\"(max-width: 598px) 100vw, 598px\" \/><\/a>\n\t\t\t<\/div><\/figure><figure class='gallery-item'>\n\t\t\t<div class='gallery-icon portrait'>\n\t\t\t\t<a data-elementor-open-lightbox=\"yes\" data-elementor-lightbox-slideshow=\"b986adb\" data-elementor-lightbox-title=\"Ekran g\u00f6r\u00fcnt\u00fcs\u00fc 2025-07-04 112134\" data-e-action-hash=\"#elementor-action%3Aaction%3Dlightbox%26settings%3DeyJpZCI6MTExMywidXJsIjoiaHR0cHM6XC9cL3huLS1kbm0taG9hYWI2di5jb21cL3dwLWNvbnRlbnRcL3VwbG9hZHNcLzIwMjVcLzA3XC9Fa3Jhbi1nb3J1bnR1c3UtMjAyNS0wNy0wNC0xMTIxMzQucG5nIiwic2xpZGVzaG93IjoiYjk4NmFkYiJ9\" href='https:\/\/xn--dnm-hoaab6v.com\/wp-content\/uploads\/2025\/07\/Ekran-goruntusu-2025-07-04-112134.png'><img decoding=\"async\" width=\"612\" height=\"1040\" src=\"https:\/\/xn--dnm-hoaab6v.com\/wp-content\/uploads\/2025\/07\/Ekran-goruntusu-2025-07-04-112134.png\" class=\"attachment-full size-full\" alt=\"\" srcset=\"https:\/\/xn--dnm-hoaab6v.com\/wp-content\/uploads\/2025\/07\/Ekran-goruntusu-2025-07-04-112134.png 612w, https:\/\/xn--dnm-hoaab6v.com\/wp-content\/uploads\/2025\/07\/Ekran-goruntusu-2025-07-04-112134-177x300.png 177w, https:\/\/xn--dnm-hoaab6v.com\/wp-content\/uploads\/2025\/07\/Ekran-goruntusu-2025-07-04-112134-603x1024.png 603w\" sizes=\"(max-width: 612px) 100vw, 612px\" \/><\/a>\n\t\t\t<\/div><\/figure><figure class='gallery-item'>\n\t\t\t<div class='gallery-icon portrait'>\n\t\t\t\t<a data-elementor-open-lightbox=\"yes\" data-elementor-lightbox-slideshow=\"b986adb\" data-elementor-lightbox-title=\"Ekran g\u00f6r\u00fcnt\u00fcs\u00fc 2025-07-04 112212\" data-e-action-hash=\"#elementor-action%3Aaction%3Dlightbox%26settings%3DeyJpZCI6MTExNCwidXJsIjoiaHR0cHM6XC9cL3huLS1kbm0taG9hYWI2di5jb21cL3dwLWNvbnRlbnRcL3VwbG9hZHNcLzIwMjVcLzA3XC9Fa3Jhbi1nb3J1bnR1c3UtMjAyNS0wNy0wNC0xMTIyMTIucG5nIiwic2xpZGVzaG93IjoiYjk4NmFkYiJ9\" href='https:\/\/xn--dnm-hoaab6v.com\/wp-content\/uploads\/2025\/07\/Ekran-goruntusu-2025-07-04-112212.png'><img loading=\"lazy\" decoding=\"async\" width=\"602\" height=\"1037\" src=\"https:\/\/xn--dnm-hoaab6v.com\/wp-content\/uploads\/2025\/07\/Ekran-goruntusu-2025-07-04-112212.png\" class=\"attachment-full size-full\" alt=\"\" srcset=\"https:\/\/xn--dnm-hoaab6v.com\/wp-content\/uploads\/2025\/07\/Ekran-goruntusu-2025-07-04-112212.png 602w, https:\/\/xn--dnm-hoaab6v.com\/wp-content\/uploads\/2025\/07\/Ekran-goruntusu-2025-07-04-112212-174x300.png 174w, https:\/\/xn--dnm-hoaab6v.com\/wp-content\/uploads\/2025\/07\/Ekran-goruntusu-2025-07-04-112212-594x1024.png 594w\" sizes=\"(max-width: 602px) 100vw, 602px\" \/><\/a>\n\t\t\t<\/div><\/figure>\n\t\t<\/div>\n\t\t<\/div>\n\t\t\t\t\t\t<\/div>\n\t\t\t\t\t<\/div>\n\t\t\t\t<\/div>\n\t\t\t\t<\/div>\n\t\t","protected":false},"excerpt":{"rendered":"<p>By Ayhan Organizasyon Hayalinizdeki anlar\u0131 ger\u00e7e\u011fe d\u00f6n\u00fc\u015ft\u00fcr\u00fcyoruz. D\u00fc\u011f\u00fcn, ni\u015fan, k\u0131na gecesi, do\u011fum g\u00fcn\u00fc, kurumsal etkinlikler ve daha fazlas\u0131nda yan\u0131n\u0131zday\u0131z. Her&#8230;<\/p>\n","protected":false},"author":1,"featured_media":0,"parent":0,"menu_order":0,"comment_status":"closed","ping_status":"closed","template":"template\/page-builder-template.php","meta":{"footnotes":""},"class_list":["post-1107","page","type-page","status-publish","hentry","blog-item no-thumb clearfix"],"acf":[],"_links":{"self":[{"href":"https:\/\/xn--dnm-hoaab6v.com\/index.php\/wp-json\/wp\/v2\/pages\/1107","targetHints":{"allow":["GET"]}}],"collection":[{"href":"https:\/\/xn--dnm-hoaab6v.com\/index.php\/wp-json\/wp\/v2\/pages"}],"about":[{"href":"https:\/\/xn--dnm-hoaab6v.com\/index.php\/wp-json\/wp\/v2\/types\/page"}],"author":[{"embeddable":true,"href":"https:\/\/xn--dnm-hoaab6v.com\/index.php\/wp-json\/wp\/v2\/users\/1"}],"replies":[{"embeddable":true,"href":"https:\/\/xn--dnm-hoaab6v.com\/index.php\/wp-json\/wp\/v2\/comments?post=1107"}],"version-history":[{"count":7,"href":"https:\/\/xn--dnm-hoaab6v.com\/index.php\/wp-json\/wp\/v2\/pages\/1107\/revisions"}],"predecessor-version":[{"id":1178,"href":"https:\/\/xn--dnm-hoaab6v.com\/index.php\/wp-json\/wp\/v2\/pages\/1107\/revisions\/1178"}],"wp:attachment":[{"href":"https:\/\/xn--dnm-hoaab6v.com\/index.php\/wp-json\/wp\/v2\/media?parent=1107"}],"curies":[{"name":"wp","href":"https:\/\/api.w.org\/{rel}","templated":true}]}}