{"id":1084,"date":"2025-07-04T07:49:56","date_gmt":"2025-07-04T07:49:56","guid":{"rendered":"https:\/\/xn--dnm-hoaab6v.com\/?page_id=1084"},"modified":"2025-07-04T09:45:59","modified_gmt":"2025-07-04T09:45:59","slug":"promoda","status":"publish","type":"page","link":"https:\/\/xn--dnm-hoaab6v.com\/index.php\/promoda\/","title":{"rendered":"PROMODA"},"content":{"rendered":"\t\t<div data-elementor-type=\"wp-page\" data-elementor-id=\"1084\" class=\"elementor elementor-1084\">\n\t\t\t\t<div class=\"elementor-element elementor-element-15b4d1f e-flex e-con-boxed e-con e-parent\" data-id=\"15b4d1f\" data-element_type=\"container\">\n\t\t\t\t\t<div class=\"e-con-inner\">\n\t\t\t\t<div class=\"elementor-element elementor-element-5b2d12f the-title-center elementor-widget elementor-widget-pesta-head-title\" data-id=\"5b2d12f\" data-element_type=\"widget\" data-widget_type=\"pesta-head-title.default\">\n\t\t\t\t<div class=\"elementor-widget-container\">\n\t\t\t\t\t<div class=\"head-title head-title-8 clearfix\">\r\n\t<h1 class=\"the-title elementor-inline-editing\" >\r\n\t\tPROMODA FASH\u0130ON\t<\/h1>\r\n\t<\/div>\r\n\t\t\t\t\t\t<\/div>\n\t\t\t\t<\/div>\n\t\t\t\t\t<\/div>\n\t\t\t\t<\/div>\n\t\t<div class=\"elementor-element elementor-element-8a205b8 e-flex e-con-boxed e-con e-parent\" data-id=\"8a205b8\" data-element_type=\"container\">\n\t\t\t\t\t<div class=\"e-con-inner\">\n\t\t<div class=\"elementor-element elementor-element-ba82104 e-con-full e-flex e-con e-child\" data-id=\"ba82104\" data-element_type=\"container\">\n\t\t\t\t<div class=\"elementor-element elementor-element-51dfbdf elementor-widget elementor-widget-pesta-text\" data-id=\"51dfbdf\" data-element_type=\"widget\" data-widget_type=\"pesta-text.default\">\n\t\t\t\t<div class=\"elementor-widget-container\">\n\t\t\t\t\t<div class=\"pesta-text clearfix\">\r\n<p>D\u00fc\u011f\u00fcne Dair Her \u015eey Tek \u00c7at\u0131 Alt\u0131nda!<\/p><\/div>\t\t\t\t<\/div>\n\t\t\t\t<\/div>\n\t\t\t\t<\/div>\n\t\t\t\t\t<\/div>\n\t\t\t\t<\/div>\n\t\t<div class=\"elementor-element elementor-element-999d52e e-flex e-con-boxed e-con e-parent\" data-id=\"999d52e\" data-element_type=\"container\">\n\t\t\t\t\t<div class=\"e-con-inner\">\n\t\t<div class=\"elementor-element elementor-element-fbaebaa e-grid e-con-full e-con e-child\" data-id=\"fbaebaa\" data-element_type=\"container\">\n\t\t\t\t<div class=\"elementor-element elementor-element-5cdfcd2 elementor-widget elementor-widget-image\" data-id=\"5cdfcd2\" data-element_type=\"widget\" data-widget_type=\"image.default\">\n\t\t\t\t\t\t\t\t\t\t\t\t\t\t\t<img fetchpriority=\"high\" decoding=\"async\" width=\"300\" height=\"300\" src=\"https:\/\/xn--dnm-hoaab6v.com\/wp-content\/uploads\/2025\/07\/Adsiz-tasarim-4-300x300.png\" class=\"attachment-medium size-medium wp-image-1093\" alt=\"\" srcset=\"https:\/\/xn--dnm-hoaab6v.com\/wp-content\/uploads\/2025\/07\/Adsiz-tasarim-4-300x300.png 300w, https:\/\/xn--dnm-hoaab6v.com\/wp-content\/uploads\/2025\/07\/Adsiz-tasarim-4-150x150.png 150w, https:\/\/xn--dnm-hoaab6v.com\/wp-content\/uploads\/2025\/07\/Adsiz-tasarim-4-100x100.png 100w, https:\/\/xn--dnm-hoaab6v.com\/wp-content\/uploads\/2025\/07\/Adsiz-tasarim-4-80x80.png 80w, https:\/\/xn--dnm-hoaab6v.com\/wp-content\/uploads\/2025\/07\/Adsiz-tasarim-4-263x263.png 263w, https:\/\/xn--dnm-hoaab6v.com\/wp-content\/uploads\/2025\/07\/Adsiz-tasarim-4.png 500w\" sizes=\"(max-width: 300px) 100vw, 300px\" \/>\t\t\t\t\t\t\t\t\t\t\t\t\t\t\t<\/div>\n\t\t\t\t<div class=\"elementor-element elementor-element-b57afa2 elementor-widget elementor-widget-heading\" data-id=\"b57afa2\" data-element_type=\"widget\" data-widget_type=\"heading.default\">\n\t\t\t\t\t<h2 class=\"elementor-heading-title elementor-size-default\"><p><strong>Promoda Fashion<\/strong><\/p>\n<p>Promoda Fashion, \u015f\u0131kl\u0131k ve rahatl\u0131\u011f\u0131 bulu\u015fturan modern tasar\u0131mlar\u0131yla \u00f6ne \u00e7\u0131k\u0131yor.<br>\nHer sezon yenilenen koleksiyonlar\u0131yla, moda trendlerini takip eden ve tarz\u0131na \u00f6nem veren bireyler i\u00e7in ideal se\u00e7enekler sunuyor.<br>\nEstetik ve konforu bir araya getiren Promoda tasar\u0131mlar\u0131, her ya\u015fa ve tarza hitap ediyor.<br>\nG\u00fcnl\u00fck \u015f\u0131kl\u0131\u011f\u0131 yakalamak isteyenler i\u00e7in Promoda Fashion, vazge\u00e7ilmez bir tercih.<\/p><\/h2>\t\t\t\t<\/div>\n\t\t\t\t<\/div>\n\t\t\t\t\t<\/div>\n\t\t\t\t<\/div>\n\t\t<div class=\"elementor-element elementor-element-b5c5856 e-grid e-con-boxed e-con e-parent\" data-id=\"b5c5856\" data-element_type=\"container\">\n\t\t\t\t\t<div class=\"e-con-inner\">\n\t\t<div class=\"elementor-element elementor-element-a90d0ce e-con-full e-flex e-con e-child\" data-id=\"a90d0ce\" data-element_type=\"container\">\n\t\t\t\t<div class=\"elementor-element elementor-element-090aec8 elementor-widget elementor-widget-google_maps\" data-id=\"090aec8\" data-element_type=\"widget\" data-widget_type=\"google_maps.default\">\n\t\t\t\t\t\t\t<div class=\"elementor-custom-embed\">\n\t\t\t<iframe loading=\"lazy\"\n\t\t\t\t\tsrc=\"https:\/\/maps.google.com\/maps?q=Y%C4%B1ld%C4%B1r%C4%B1m%20Beyaz%C4%B1t%20Mahallesi%20K%C4%B1%C5%9F%20Sokak%20Laleli%20Cami-i%20yan%C4%B1%20Laleli%20Plaza%20K%201%20D%205%2C%20K%C3%BCtahya%2FMerkez&#038;t=m&#038;z=8&#038;output=embed&#038;iwloc=near\"\n\t\t\t\t\ttitle=\"Y\u0131ld\u0131r\u0131m Beyaz\u0131t Mahallesi K\u0131\u015f Sokak Laleli Cami-i yan\u0131 Laleli Plaza K 1 D 5, K\u00fctahya\/Merkez\"\n\t\t\t\t\taria-label=\"Y\u0131ld\u0131r\u0131m Beyaz\u0131t Mahallesi K\u0131\u015f Sokak Laleli Cami-i yan\u0131 Laleli Plaza K 1 D 5, K\u00fctahya\/Merkez\"\n\t\t\t><\/iframe>\n\t\t<\/div>\n\t\t\t\t\t\t<\/div>\n\t\t\t\t<\/div>\n\t\t<div class=\"elementor-element elementor-element-1d32621 e-con-full e-flex e-con e-child\" data-id=\"1d32621\" data-element_type=\"container\">\n\t\t\t\t<div class=\"elementor-element elementor-element-8eabacc the-title-center elementor-widget elementor-widget-pesta-head-title\" data-id=\"8eabacc\" data-element_type=\"widget\" data-widget_type=\"pesta-head-title.default\">\n\t\t\t\t<div class=\"elementor-widget-container\">\n\t\t\t\t\t<div class=\"head-title head-title-2 clearfix\">\r\n\t<h2 class=\"the-title elementor-inline-editing\" >\r\n\t\t\t\t\u0130leti\u015fim Bilgileri\t<\/h2>\r\n<\/div>\r\n\t\t\t\t\t\t<\/div>\n\t\t\t\t<\/div>\n\t\t\t\t<div class=\"elementor-element elementor-element-1294fda elementor-widget elementor-widget-pesta-text\" data-id=\"1294fda\" data-element_type=\"widget\" data-widget_type=\"pesta-text.default\">\n\t\t\t\t<div class=\"elementor-widget-container\">\n\t\t\t\t\t<div class=\"pesta-text clearfix\">\r\n<h4>Hayallerinle ileti\u015fime ge\u00e7meye haz\u0131r m\u0131s\u0131n?<\/h4><\/div>\t\t\t\t<\/div>\n\t\t\t\t<\/div>\n\t\t\t\t<div class=\"elementor-element elementor-element-31633b1 elementor-vertical-align-top elementor-widget elementor-widget-image-box\" data-id=\"31633b1\" data-element_type=\"widget\" data-widget_type=\"image-box.default\">\n\t\t\t\t\t<div class=\"elementor-image-box-wrapper\"><div class=\"elementor-image-box-content\"><h3 class=\"elementor-image-box-title\"><a href=\"\">Telefon:<\/a><\/h3><p class=\"elementor-image-box-description\">+90 554 249 67 99<\/p><\/div><\/div>\t\t\t\t<\/div>\n\t\t\t\t<div class=\"elementor-element elementor-element-bbdf1a0 elementor-vertical-align-top elementor-widget elementor-widget-image-box\" data-id=\"bbdf1a0\" data-element_type=\"widget\" data-widget_type=\"image-box.default\">\n\t\t\t\t\t<div class=\"elementor-image-box-wrapper\"><div class=\"elementor-image-box-content\"><h3 class=\"elementor-image-box-title\"><a href=\"https:\/\/www.instagram.com\/promodafashion\/?hl=tr\" target=\"_blank\">Sosyal Medya:<\/a><\/h3><p class=\"elementor-image-box-description\">promodafashion\n<\/p><\/div><\/div>\t\t\t\t<\/div>\n\t\t\t\t<div class=\"elementor-element elementor-element-2316a2a elementor-vertical-align-top elementor-widget elementor-widget-image-box\" data-id=\"2316a2a\" data-element_type=\"widget\" data-widget_type=\"image-box.default\">\n\t\t\t\t\t<div class=\"elementor-image-box-wrapper\"><div class=\"elementor-image-box-content\"><h3 class=\"elementor-image-box-title\"><a href=\"\">Adres:<\/a><\/h3><p class=\"elementor-image-box-description\">Alipa\u015fa, Vecidiye Sk. No:6, 43020 K\u00fctahya Merkez\/K\u00fctahya<\/p><\/div><\/div>\t\t\t\t<\/div>\n\t\t\t\t<\/div>\n\t\t\t\t\t<\/div>\n\t\t\t\t<\/div>\n\t\t<div class=\"elementor-element elementor-element-0218cce e-flex e-con-boxed e-con e-parent\" data-id=\"0218cce\" data-element_type=\"container\">\n\t\t\t\t\t<div class=\"e-con-inner\">\n\t\t\t\t<div class=\"elementor-element elementor-element-2d816ef elementor-widget elementor-widget-image-gallery\" data-id=\"2d816ef\" data-element_type=\"widget\" data-widget_type=\"image-gallery.default\">\n\t\t\t\t\t\t\t<div class=\"elementor-image-gallery\">\n\t\t\t<div id='gallery-1' class='gallery galleryid-1084 gallery-columns-2 gallery-size-full'><figure class='gallery-item'>\n\t\t\t<div class='gallery-icon landscape'>\n\t\t\t\t<a data-elementor-open-lightbox=\"yes\" data-elementor-lightbox-slideshow=\"2d816ef\" data-elementor-lightbox-title=\"Ekran g\u00f6r\u00fcnt\u00fcs\u00fc 2025-07-04 110336\" data-e-action-hash=\"#elementor-action%3Aaction%3Dlightbox%26settings%3DeyJpZCI6MTA5NCwidXJsIjoiaHR0cHM6XC9cL3huLS1kbm0taG9hYWI2di5jb21cL3dwLWNvbnRlbnRcL3VwbG9hZHNcLzIwMjVcLzA3XC9Fa3Jhbi1nb3J1bnR1c3UtMjAyNS0wNy0wNC0xMTAzMzYucG5nIiwic2xpZGVzaG93IjoiMmQ4MTZlZiJ9\" href='https:\/\/xn--dnm-hoaab6v.com\/wp-content\/uploads\/2025\/07\/Ekran-goruntusu-2025-07-04-110336.png'><img decoding=\"async\" width=\"1091\" height=\"725\" src=\"https:\/\/xn--dnm-hoaab6v.com\/wp-content\/uploads\/2025\/07\/Ekran-goruntusu-2025-07-04-110336.png\" class=\"attachment-full size-full\" alt=\"\" srcset=\"https:\/\/xn--dnm-hoaab6v.com\/wp-content\/uploads\/2025\/07\/Ekran-goruntusu-2025-07-04-110336.png 1091w, https:\/\/xn--dnm-hoaab6v.com\/wp-content\/uploads\/2025\/07\/Ekran-goruntusu-2025-07-04-110336-300x199.png 300w, https:\/\/xn--dnm-hoaab6v.com\/wp-content\/uploads\/2025\/07\/Ekran-goruntusu-2025-07-04-110336-1024x680.png 1024w, https:\/\/xn--dnm-hoaab6v.com\/wp-content\/uploads\/2025\/07\/Ekran-goruntusu-2025-07-04-110336-768x510.png 768w\" sizes=\"(max-width: 1091px) 100vw, 1091px\" \/><\/a>\n\t\t\t<\/div><\/figure><figure class='gallery-item'>\n\t\t\t<div class='gallery-icon landscape'>\n\t\t\t\t<a data-elementor-open-lightbox=\"yes\" data-elementor-lightbox-slideshow=\"2d816ef\" data-elementor-lightbox-title=\"Ekran g\u00f6r\u00fcnt\u00fcs\u00fc 2025-07-04 110357\" data-e-action-hash=\"#elementor-action%3Aaction%3Dlightbox%26settings%3DeyJpZCI6MTA5NSwidXJsIjoiaHR0cHM6XC9cL3huLS1kbm0taG9hYWI2di5jb21cL3dwLWNvbnRlbnRcL3VwbG9hZHNcLzIwMjVcLzA3XC9Fa3Jhbi1nb3J1bnR1c3UtMjAyNS0wNy0wNC0xMTAzNTcucG5nIiwic2xpZGVzaG93IjoiMmQ4MTZlZiJ9\" href='https:\/\/xn--dnm-hoaab6v.com\/wp-content\/uploads\/2025\/07\/Ekran-goruntusu-2025-07-04-110357.png'><img decoding=\"async\" width=\"1092\" height=\"727\" src=\"https:\/\/xn--dnm-hoaab6v.com\/wp-content\/uploads\/2025\/07\/Ekran-goruntusu-2025-07-04-110357.png\" class=\"attachment-full size-full\" alt=\"\" srcset=\"https:\/\/xn--dnm-hoaab6v.com\/wp-content\/uploads\/2025\/07\/Ekran-goruntusu-2025-07-04-110357.png 1092w, https:\/\/xn--dnm-hoaab6v.com\/wp-content\/uploads\/2025\/07\/Ekran-goruntusu-2025-07-04-110357-300x200.png 300w, https:\/\/xn--dnm-hoaab6v.com\/wp-content\/uploads\/2025\/07\/Ekran-goruntusu-2025-07-04-110357-1024x682.png 1024w, https:\/\/xn--dnm-hoaab6v.com\/wp-content\/uploads\/2025\/07\/Ekran-goruntusu-2025-07-04-110357-768x511.png 768w\" sizes=\"(max-width: 1092px) 100vw, 1092px\" \/><\/a>\n\t\t\t<\/div><\/figure><figure class='gallery-item'>\n\t\t\t<div class='gallery-icon landscape'>\n\t\t\t\t<a data-elementor-open-lightbox=\"yes\" data-elementor-lightbox-slideshow=\"2d816ef\" data-elementor-lightbox-title=\"Ekran g\u00f6r\u00fcnt\u00fcs\u00fc 2025-07-04 110421\" data-e-action-hash=\"#elementor-action%3Aaction%3Dlightbox%26settings%3DeyJpZCI6MTA5NiwidXJsIjoiaHR0cHM6XC9cL3huLS1kbm0taG9hYWI2di5jb21cL3dwLWNvbnRlbnRcL3VwbG9hZHNcLzIwMjVcLzA3XC9Fa3Jhbi1nb3J1bnR1c3UtMjAyNS0wNy0wNC0xMTA0MjEucG5nIiwic2xpZGVzaG93IjoiMmQ4MTZlZiJ9\" href='https:\/\/xn--dnm-hoaab6v.com\/wp-content\/uploads\/2025\/07\/Ekran-goruntusu-2025-07-04-110421.png'><img loading=\"lazy\" decoding=\"async\" width=\"1091\" height=\"726\" src=\"https:\/\/xn--dnm-hoaab6v.com\/wp-content\/uploads\/2025\/07\/Ekran-goruntusu-2025-07-04-110421.png\" class=\"attachment-full size-full\" alt=\"\" srcset=\"https:\/\/xn--dnm-hoaab6v.com\/wp-content\/uploads\/2025\/07\/Ekran-goruntusu-2025-07-04-110421.png 1091w, https:\/\/xn--dnm-hoaab6v.com\/wp-content\/uploads\/2025\/07\/Ekran-goruntusu-2025-07-04-110421-300x200.png 300w, https:\/\/xn--dnm-hoaab6v.com\/wp-content\/uploads\/2025\/07\/Ekran-goruntusu-2025-07-04-110421-1024x681.png 1024w, https:\/\/xn--dnm-hoaab6v.com\/wp-content\/uploads\/2025\/07\/Ekran-goruntusu-2025-07-04-110421-768x511.png 768w\" sizes=\"(max-width: 1091px) 100vw, 1091px\" \/><\/a>\n\t\t\t<\/div><\/figure><figure class='gallery-item'>\n\t\t\t<div class='gallery-icon landscape'>\n\t\t\t\t<a data-elementor-open-lightbox=\"yes\" data-elementor-lightbox-slideshow=\"2d816ef\" data-elementor-lightbox-title=\"Ekran g\u00f6r\u00fcnt\u00fcs\u00fc 2025-07-04 110438\" data-e-action-hash=\"#elementor-action%3Aaction%3Dlightbox%26settings%3DeyJpZCI6MTA5NywidXJsIjoiaHR0cHM6XC9cL3huLS1kbm0taG9hYWI2di5jb21cL3dwLWNvbnRlbnRcL3VwbG9hZHNcLzIwMjVcLzA3XC9Fa3Jhbi1nb3J1bnR1c3UtMjAyNS0wNy0wNC0xMTA0MzgucG5nIiwic2xpZGVzaG93IjoiMmQ4MTZlZiJ9\" href='https:\/\/xn--dnm-hoaab6v.com\/wp-content\/uploads\/2025\/07\/Ekran-goruntusu-2025-07-04-110438.png'><img loading=\"lazy\" decoding=\"async\" width=\"1091\" height=\"726\" src=\"https:\/\/xn--dnm-hoaab6v.com\/wp-content\/uploads\/2025\/07\/Ekran-goruntusu-2025-07-04-110438.png\" class=\"attachment-full size-full\" alt=\"\" srcset=\"https:\/\/xn--dnm-hoaab6v.com\/wp-content\/uploads\/2025\/07\/Ekran-goruntusu-2025-07-04-110438.png 1091w, https:\/\/xn--dnm-hoaab6v.com\/wp-content\/uploads\/2025\/07\/Ekran-goruntusu-2025-07-04-110438-300x200.png 300w, https:\/\/xn--dnm-hoaab6v.com\/wp-content\/uploads\/2025\/07\/Ekran-goruntusu-2025-07-04-110438-1024x681.png 1024w, https:\/\/xn--dnm-hoaab6v.com\/wp-content\/uploads\/2025\/07\/Ekran-goruntusu-2025-07-04-110438-768x511.png 768w\" sizes=\"(max-width: 1091px) 100vw, 1091px\" \/><\/a>\n\t\t\t<\/div><\/figure>\n\t\t<\/div>\n\t\t<\/div>\n\t\t\t\t\t\t<\/div>\n\t\t\t\t\t<\/div>\n\t\t\t\t<\/div>\n\t\t\t\t<\/div>\n\t\t","protected":false},"excerpt":{"rendered":"<p>Promoda Fashion Promoda Fashion, \u015f\u0131kl\u0131k ve rahatl\u0131\u011f\u0131 bulu\u015fturan modern tasar\u0131mlar\u0131yla \u00f6ne \u00e7\u0131k\u0131yor. Her sezon yenilenen koleksiyonlar\u0131yla, moda trendlerini takip eden&#8230;<\/p>\n","protected":false},"author":1,"featured_media":0,"parent":0,"menu_order":0,"comment_status":"closed","ping_status":"closed","template":"template\/page-builder-template.php","meta":{"footnotes":""},"class_list":["post-1084","page","type-page","status-publish","hentry","blog-item no-thumb clearfix"],"acf":[],"_links":{"self":[{"href":"https:\/\/xn--dnm-hoaab6v.com\/index.php\/wp-json\/wp\/v2\/pages\/1084","targetHints":{"allow":["GET"]}}],"collection":[{"href":"https:\/\/xn--dnm-hoaab6v.com\/index.php\/wp-json\/wp\/v2\/pages"}],"about":[{"href":"https:\/\/xn--dnm-hoaab6v.com\/index.php\/wp-json\/wp\/v2\/types\/page"}],"author":[{"embeddable":true,"href":"https:\/\/xn--dnm-hoaab6v.com\/index.php\/wp-json\/wp\/v2\/users\/1"}],"replies":[{"embeddable":true,"href":"https:\/\/xn--dnm-hoaab6v.com\/index.php\/wp-json\/wp\/v2\/comments?post=1084"}],"version-history":[{"count":11,"href":"https:\/\/xn--dnm-hoaab6v.com\/index.php\/wp-json\/wp\/v2\/pages\/1084\/revisions"}],"predecessor-version":[{"id":1170,"href":"https:\/\/xn--dnm-hoaab6v.com\/index.php\/wp-json\/wp\/v2\/pages\/1084\/revisions\/1170"}],"wp:attachment":[{"href":"https:\/\/xn--dnm-hoaab6v.com\/index.php\/wp-json\/wp\/v2\/media?parent=1084"}],"curies":[{"name":"wp","href":"https:\/\/api.w.org\/{rel}","templated":true}]}}