{"id":1066,"date":"2025-07-04T07:33:45","date_gmt":"2025-07-04T07:33:45","guid":{"rendered":"https:\/\/xn--dnm-hoaab6v.com\/?page_id=1066"},"modified":"2025-07-04T08:08:50","modified_gmt":"2025-07-04T08:08:50","slug":"ekrem-kaya-hair-studio","status":"publish","type":"page","link":"https:\/\/xn--dnm-hoaab6v.com\/index.php\/ekrem-kaya-hair-studio\/","title":{"rendered":"Ekrem Kaya Hair Studio"},"content":{"rendered":"\t\t<div data-elementor-type=\"wp-page\" data-elementor-id=\"1066\" class=\"elementor elementor-1066\">\n\t\t\t\t<div class=\"elementor-element elementor-element-014e321 e-flex e-con-boxed e-con e-parent\" data-id=\"014e321\" data-element_type=\"container\">\n\t\t\t\t\t<div class=\"e-con-inner\">\n\t\t\t\t<div class=\"elementor-element elementor-element-7d1f4e8 the-title-center elementor-widget elementor-widget-pesta-head-title\" data-id=\"7d1f4e8\" data-element_type=\"widget\" data-widget_type=\"pesta-head-title.default\">\n\t\t\t\t<div class=\"elementor-widget-container\">\n\t\t\t\t\t<div class=\"head-title head-title-8 clearfix\">\r\n\t<h1 class=\"the-title elementor-inline-editing\" >\r\n\t\tEkrem Kaya Hair Studio\t<\/h1>\r\n\t<\/div>\r\n\t\t\t\t\t\t<\/div>\n\t\t\t\t<\/div>\n\t\t\t\t\t<\/div>\n\t\t\t\t<\/div>\n\t\t<div class=\"elementor-element elementor-element-d60d2f8 e-flex e-con-boxed e-con e-parent\" data-id=\"d60d2f8\" data-element_type=\"container\">\n\t\t\t\t\t<div class=\"e-con-inner\">\n\t\t\t\t<div class=\"elementor-element elementor-element-5e4cc63 elementor-widget elementor-widget-pesta-text\" data-id=\"5e4cc63\" data-element_type=\"widget\" data-widget_type=\"pesta-text.default\">\n\t\t\t\t<div class=\"elementor-widget-container\">\n\t\t\t\t\t<div class=\"pesta-text clearfix\">\r\n<p>D\u00fc\u011f\u00fcne Dair Her \u015eey Tek \u00c7at\u0131 Alt\u0131nda!<\/p><\/div>\t\t\t\t<\/div>\n\t\t\t\t<\/div>\n\t\t\t\t\t<\/div>\n\t\t\t\t<\/div>\n\t\t<div class=\"elementor-element elementor-element-86c188d e-grid e-con-boxed e-con e-parent\" data-id=\"86c188d\" data-element_type=\"container\">\n\t\t\t\t\t<div class=\"e-con-inner\">\n\t\t\t\t<div class=\"elementor-element elementor-element-2092cd9 elementor-widget elementor-widget-image\" data-id=\"2092cd9\" data-element_type=\"widget\" data-widget_type=\"image.default\">\n\t\t\t\t\t\t\t\t\t\t\t\t\t\t\t<img fetchpriority=\"high\" decoding=\"async\" width=\"300\" height=\"300\" src=\"https:\/\/xn--dnm-hoaab6v.com\/wp-content\/uploads\/2025\/07\/Adsiz-tasarim-3-300x300.png\" class=\"attachment-medium size-medium wp-image-1077\" alt=\"\" srcset=\"https:\/\/xn--dnm-hoaab6v.com\/wp-content\/uploads\/2025\/07\/Adsiz-tasarim-3-300x300.png 300w, https:\/\/xn--dnm-hoaab6v.com\/wp-content\/uploads\/2025\/07\/Adsiz-tasarim-3-150x150.png 150w, https:\/\/xn--dnm-hoaab6v.com\/wp-content\/uploads\/2025\/07\/Adsiz-tasarim-3-100x100.png 100w, https:\/\/xn--dnm-hoaab6v.com\/wp-content\/uploads\/2025\/07\/Adsiz-tasarim-3-80x80.png 80w, https:\/\/xn--dnm-hoaab6v.com\/wp-content\/uploads\/2025\/07\/Adsiz-tasarim-3-263x263.png 263w, https:\/\/xn--dnm-hoaab6v.com\/wp-content\/uploads\/2025\/07\/Adsiz-tasarim-3.png 500w\" sizes=\"(max-width: 300px) 100vw, 300px\" \/>\t\t\t\t\t\t\t\t\t\t\t\t\t\t\t<\/div>\n\t\t\t\t<div class=\"elementor-element elementor-element-db13c47 elementor-widget elementor-widget-heading\" data-id=\"db13c47\" data-element_type=\"widget\" data-widget_type=\"heading.default\">\n\t\t\t\t\t<h2 class=\"elementor-heading-title elementor-size-default\"><p><strong>Ekrem Kaya Hair Studio<\/strong><\/p>\n<p>Kendinize zaman ay\u0131r\u0131n, fark\u0131n\u0131z\u0131 yans\u0131t\u0131n.<br>\nProfesyonel ekibimiz ve modern sa\u00e7 tasar\u0131mlar\u0131m\u0131zla tarz\u0131n\u0131z\u0131 yeniden ke\u015ffedin.<br>\nKesim, renklendirme ve \u00f6zel bak\u0131m uygulamalar\u0131m\u0131zla hayalinizdeki g\u00f6r\u00fcn\u00fcme kavu\u015fun.<br>\n\ud83d\udccd K\u00fctahya\u2019n\u0131n en be\u011fenilen sa\u00e7 st\u00fcdyosunda yerinizi ay\u0131rt\u0131n \u2013 \u015fimdi randevunuzu al\u0131n!<\/p>\n<\/h2>\t\t\t\t<\/div>\n\t\t\t\t\t<\/div>\n\t\t\t\t<\/div>\n\t\t\t\t<section class=\"elementor-section elementor-top-section elementor-element elementor-element-052b972 elementor-section-boxed elementor-section-height-default elementor-section-height-default\" data-id=\"052b972\" data-element_type=\"section\">\n\t\t\t\t\t\t<div class=\"elementor-container elementor-column-gap-default\">\n\t\t\t\t\t<div class=\"elementor-column elementor-col-50 elementor-top-column elementor-element elementor-element-3d499c9\" data-id=\"3d499c9\" data-element_type=\"column\">\n\t\t\t<div class=\"elementor-widget-wrap elementor-element-populated\">\n\t\t\t\t\t\t<div class=\"elementor-element elementor-element-dbfd29c elementor-widget elementor-widget-google_maps\" data-id=\"dbfd29c\" data-element_type=\"widget\" data-widget_type=\"google_maps.default\">\n\t\t\t\t\t\t\t<div class=\"elementor-custom-embed\">\n\t\t\t<iframe loading=\"lazy\"\n\t\t\t\t\tsrc=\"https:\/\/maps.google.com\/maps?q=Y%C4%B1ld%C4%B1r%C4%B1m%20Beyaz%C4%B1t%20Mahallesi%20K%C4%B1%C5%9F%20Sokak%20Laleli%20Cami-i%20yan%C4%B1%20Laleli%20Plaza%20K%201%20D%205%2C%20K%C3%BCtahya%2FMerkez&#038;t=m&#038;z=8&#038;output=embed&#038;iwloc=near\"\n\t\t\t\t\ttitle=\"Y\u0131ld\u0131r\u0131m Beyaz\u0131t Mahallesi K\u0131\u015f Sokak Laleli Cami-i yan\u0131 Laleli Plaza K 1 D 5, K\u00fctahya\/Merkez\"\n\t\t\t\t\taria-label=\"Y\u0131ld\u0131r\u0131m Beyaz\u0131t Mahallesi K\u0131\u015f Sokak Laleli Cami-i yan\u0131 Laleli Plaza K 1 D 5, K\u00fctahya\/Merkez\"\n\t\t\t><\/iframe>\n\t\t<\/div>\n\t\t\t\t\t\t<\/div>\n\t\t\t\t\t<\/div>\n\t\t<\/div>\n\t\t\t\t<div class=\"elementor-column elementor-col-50 elementor-top-column elementor-element elementor-element-6affb31\" data-id=\"6affb31\" data-element_type=\"column\">\n\t\t\t<div class=\"elementor-widget-wrap elementor-element-populated\">\n\t\t\t\t\t\t<div class=\"elementor-element elementor-element-9dd76e5 the-title-center elementor-widget elementor-widget-pesta-head-title\" data-id=\"9dd76e5\" data-element_type=\"widget\" data-widget_type=\"pesta-head-title.default\">\n\t\t\t\t<div class=\"elementor-widget-container\">\n\t\t\t\t\t<div class=\"head-title head-title-2 clearfix\">\r\n\t<h2 class=\"the-title elementor-inline-editing\" >\r\n\t\t\t\t\u0130leti\u015fim Bilgileri\t<\/h2>\r\n<\/div>\r\n\t\t\t\t\t\t<\/div>\n\t\t\t\t<\/div>\n\t\t\t\t<div class=\"elementor-element elementor-element-b6782e8 elementor-widget elementor-widget-pesta-text\" data-id=\"b6782e8\" data-element_type=\"widget\" data-widget_type=\"pesta-text.default\">\n\t\t\t\t<div class=\"elementor-widget-container\">\n\t\t\t\t\t<div class=\"pesta-text clearfix\">\r\n<h4>Hayallerinle ileti\u015fime ge\u00e7meye haz\u0131r m\u0131s\u0131n?<\/h4><\/div>\t\t\t\t<\/div>\n\t\t\t\t<\/div>\n\t\t\t\t<div class=\"elementor-element elementor-element-5015674 elementor-vertical-align-top elementor-widget elementor-widget-image-box\" data-id=\"5015674\" data-element_type=\"widget\" data-widget_type=\"image-box.default\">\n\t\t\t\t\t<div class=\"elementor-image-box-wrapper\"><div class=\"elementor-image-box-content\"><h3 class=\"elementor-image-box-title\"><a href=\"tel:+905059917187\">Telefon:<\/a><\/h3><p class=\"elementor-image-box-description\">Tel: 05059917187<\/p><\/div><\/div>\t\t\t\t<\/div>\n\t\t\t\t<div class=\"elementor-element elementor-element-f6cb3f3 elementor-vertical-align-top elementor-widget elementor-widget-image-box\" data-id=\"f6cb3f3\" data-element_type=\"widget\" data-widget_type=\"image-box.default\">\n\t\t\t\t\t<div class=\"elementor-image-box-wrapper\"><div class=\"elementor-image-box-content\"><h3 class=\"elementor-image-box-title\"><a href=\"https:\/\/www.instagram.com\/ekremhairstudio\/\" target=\"_blank\">Sosyal Medya:<\/a><\/h3><p class=\"elementor-image-box-description\">ekremhairstudio<\/p><\/div><\/div>\t\t\t\t<\/div>\n\t\t\t\t<div class=\"elementor-element elementor-element-deed379 elementor-vertical-align-top elementor-widget elementor-widget-image-box\" data-id=\"deed379\" data-element_type=\"widget\" data-widget_type=\"image-box.default\">\n\t\t\t\t\t<div class=\"elementor-image-box-wrapper\"><div class=\"elementor-image-box-content\"><h3 class=\"elementor-image-box-title\"><a href=\"https:\/\/www.google.com\/maps\/search\/?api=1&#038;query=Y\u0131ld\u0131r\u0131m+Beyaz\u0131t+Mahallesi+K\u0131\u015f+Sokak+Laleli+Cami-i+yan\u0131+Laleli+Plaza+K+1+D+5,+43030+K\u00fctahya\">Adres:<\/a><\/h3><p class=\"elementor-image-box-description\">Y\u0131ld\u0131r\u0131m Beyaz\u0131t Mahallesi K\u0131\u015f Sokak Laleli Cami-i  yan\u0131 Laleli Plaza K 1 D 5, 43030 K\u00fctahya\/Merkez<\/p><\/div><\/div>\t\t\t\t<\/div>\n\t\t\t\t\t<\/div>\n\t\t<\/div>\n\t\t\t\t\t<\/div>\n\t\t<\/section>\n\t\t<div class=\"elementor-element elementor-element-c1aa607 e-flex e-con-boxed e-con e-parent\" data-id=\"c1aa607\" data-element_type=\"container\">\n\t\t\t\t\t<div class=\"e-con-inner\">\n\t\t\t\t<div class=\"elementor-element elementor-element-110a6c1 elementor-widget elementor-widget-image-gallery\" data-id=\"110a6c1\" data-element_type=\"widget\" data-widget_type=\"image-gallery.default\">\n\t\t\t\t\t\t\t<div class=\"elementor-image-gallery\">\n\t\t\t<div id='gallery-1' class='gallery galleryid-1066 gallery-columns-2 gallery-size-full'><figure class='gallery-item'>\n\t\t\t<div class='gallery-icon landscape'>\n\t\t\t\t<a data-elementor-open-lightbox=\"yes\" data-elementor-lightbox-slideshow=\"110a6c1\" data-elementor-lightbox-title=\"Ekran g\u00f6r\u00fcnt\u00fcs\u00fc 2025-07-04 100928\" data-e-action-hash=\"#elementor-action%3Aaction%3Dlightbox%26settings%3DeyJpZCI6MTA2NCwidXJsIjoiaHR0cHM6XC9cL3huLS1kbm0taG9hYWI2di5jb21cL3dwLWNvbnRlbnRcL3VwbG9hZHNcLzIwMjVcLzA3XC9Fa3Jhbi1nb3J1bnR1c3UtMjAyNS0wNy0wNC0xMDA5MjgucG5nIiwic2xpZGVzaG93IjoiMTEwYTZjMSJ9\" href='https:\/\/xn--dnm-hoaab6v.com\/wp-content\/uploads\/2025\/07\/Ekran-goruntusu-2025-07-04-100928.png'><img decoding=\"async\" width=\"1092\" height=\"727\" src=\"https:\/\/xn--dnm-hoaab6v.com\/wp-content\/uploads\/2025\/07\/Ekran-goruntusu-2025-07-04-100928.png\" class=\"attachment-full size-full\" alt=\"\" srcset=\"https:\/\/xn--dnm-hoaab6v.com\/wp-content\/uploads\/2025\/07\/Ekran-goruntusu-2025-07-04-100928.png 1092w, https:\/\/xn--dnm-hoaab6v.com\/wp-content\/uploads\/2025\/07\/Ekran-goruntusu-2025-07-04-100928-300x200.png 300w, https:\/\/xn--dnm-hoaab6v.com\/wp-content\/uploads\/2025\/07\/Ekran-goruntusu-2025-07-04-100928-1024x682.png 1024w, https:\/\/xn--dnm-hoaab6v.com\/wp-content\/uploads\/2025\/07\/Ekran-goruntusu-2025-07-04-100928-768x511.png 768w\" sizes=\"(max-width: 1092px) 100vw, 1092px\" \/><\/a>\n\t\t\t<\/div><\/figure><figure class='gallery-item'>\n\t\t\t<div class='gallery-icon landscape'>\n\t\t\t\t<a data-elementor-open-lightbox=\"yes\" data-elementor-lightbox-slideshow=\"110a6c1\" data-elementor-lightbox-title=\"Ekran g\u00f6r\u00fcnt\u00fcs\u00fc 2025-07-04 100906\" data-e-action-hash=\"#elementor-action%3Aaction%3Dlightbox%26settings%3DeyJpZCI6MTA2MywidXJsIjoiaHR0cHM6XC9cL3huLS1kbm0taG9hYWI2di5jb21cL3dwLWNvbnRlbnRcL3VwbG9hZHNcLzIwMjVcLzA3XC9Fa3Jhbi1nb3J1bnR1c3UtMjAyNS0wNy0wNC0xMDA5MDYucG5nIiwic2xpZGVzaG93IjoiMTEwYTZjMSJ9\" href='https:\/\/xn--dnm-hoaab6v.com\/wp-content\/uploads\/2025\/07\/Ekran-goruntusu-2025-07-04-100906.png'><img decoding=\"async\" width=\"1091\" height=\"723\" src=\"https:\/\/xn--dnm-hoaab6v.com\/wp-content\/uploads\/2025\/07\/Ekran-goruntusu-2025-07-04-100906.png\" class=\"attachment-full size-full\" alt=\"\" srcset=\"https:\/\/xn--dnm-hoaab6v.com\/wp-content\/uploads\/2025\/07\/Ekran-goruntusu-2025-07-04-100906.png 1091w, https:\/\/xn--dnm-hoaab6v.com\/wp-content\/uploads\/2025\/07\/Ekran-goruntusu-2025-07-04-100906-300x199.png 300w, https:\/\/xn--dnm-hoaab6v.com\/wp-content\/uploads\/2025\/07\/Ekran-goruntusu-2025-07-04-100906-1024x679.png 1024w, https:\/\/xn--dnm-hoaab6v.com\/wp-content\/uploads\/2025\/07\/Ekran-goruntusu-2025-07-04-100906-768x509.png 768w\" sizes=\"(max-width: 1091px) 100vw, 1091px\" \/><\/a>\n\t\t\t<\/div><\/figure><figure class='gallery-item'>\n\t\t\t<div class='gallery-icon landscape'>\n\t\t\t\t<a data-elementor-open-lightbox=\"yes\" data-elementor-lightbox-slideshow=\"110a6c1\" data-elementor-lightbox-title=\"Ekran g\u00f6r\u00fcnt\u00fcs\u00fc 2025-07-04 100825\" data-e-action-hash=\"#elementor-action%3Aaction%3Dlightbox%26settings%3DeyJpZCI6MTA2MiwidXJsIjoiaHR0cHM6XC9cL3huLS1kbm0taG9hYWI2di5jb21cL3dwLWNvbnRlbnRcL3VwbG9hZHNcLzIwMjVcLzA3XC9Fa3Jhbi1nb3J1bnR1c3UtMjAyNS0wNy0wNC0xMDA4MjUucG5nIiwic2xpZGVzaG93IjoiMTEwYTZjMSJ9\" href='https:\/\/xn--dnm-hoaab6v.com\/wp-content\/uploads\/2025\/07\/Ekran-goruntusu-2025-07-04-100825.png'><img loading=\"lazy\" decoding=\"async\" width=\"1092\" height=\"725\" src=\"https:\/\/xn--dnm-hoaab6v.com\/wp-content\/uploads\/2025\/07\/Ekran-goruntusu-2025-07-04-100825.png\" class=\"attachment-full size-full\" alt=\"\" srcset=\"https:\/\/xn--dnm-hoaab6v.com\/wp-content\/uploads\/2025\/07\/Ekran-goruntusu-2025-07-04-100825.png 1092w, https:\/\/xn--dnm-hoaab6v.com\/wp-content\/uploads\/2025\/07\/Ekran-goruntusu-2025-07-04-100825-300x199.png 300w, https:\/\/xn--dnm-hoaab6v.com\/wp-content\/uploads\/2025\/07\/Ekran-goruntusu-2025-07-04-100825-1024x680.png 1024w, https:\/\/xn--dnm-hoaab6v.com\/wp-content\/uploads\/2025\/07\/Ekran-goruntusu-2025-07-04-100825-768x510.png 768w\" sizes=\"(max-width: 1092px) 100vw, 1092px\" \/><\/a>\n\t\t\t<\/div><\/figure>\n\t\t<\/div>\n\t\t<\/div>\n\t\t\t\t\t\t<\/div>\n\t\t\t\t\t<\/div>\n\t\t\t\t<\/div>\n\t\t\t\t<\/div>\n\t\t","protected":false},"excerpt":{"rendered":"<p>Ekrem Kaya Hair Studio Kendinize zaman ay\u0131r\u0131n, fark\u0131n\u0131z\u0131 yans\u0131t\u0131n. Profesyonel ekibimiz ve modern sa\u00e7 tasar\u0131mlar\u0131m\u0131zla tarz\u0131n\u0131z\u0131 yeniden ke\u015ffedin. Kesim, renklendirme&#8230;<\/p>\n","protected":false},"author":1,"featured_media":0,"parent":0,"menu_order":0,"comment_status":"closed","ping_status":"closed","template":"template\/page-builder-template.php","meta":{"footnotes":""},"class_list":["post-1066","page","type-page","status-publish","hentry","blog-item no-thumb clearfix"],"acf":[],"_links":{"self":[{"href":"https:\/\/xn--dnm-hoaab6v.com\/index.php\/wp-json\/wp\/v2\/pages\/1066","targetHints":{"allow":["GET"]}}],"collection":[{"href":"https:\/\/xn--dnm-hoaab6v.com\/index.php\/wp-json\/wp\/v2\/pages"}],"about":[{"href":"https:\/\/xn--dnm-hoaab6v.com\/index.php\/wp-json\/wp\/v2\/types\/page"}],"author":[{"embeddable":true,"href":"https:\/\/xn--dnm-hoaab6v.com\/index.php\/wp-json\/wp\/v2\/users\/1"}],"replies":[{"embeddable":true,"href":"https:\/\/xn--dnm-hoaab6v.com\/index.php\/wp-json\/wp\/v2\/comments?post=1066"}],"version-history":[{"count":16,"href":"https:\/\/xn--dnm-hoaab6v.com\/index.php\/wp-json\/wp\/v2\/pages\/1066\/revisions"}],"predecessor-version":[{"id":1103,"href":"https:\/\/xn--dnm-hoaab6v.com\/index.php\/wp-json\/wp\/v2\/pages\/1066\/revisions\/1103"}],"wp:attachment":[{"href":"https:\/\/xn--dnm-hoaab6v.com\/index.php\/wp-json\/wp\/v2\/media?parent=1066"}],"curies":[{"name":"wp","href":"https:\/\/api.w.org\/{rel}","templated":true}]}}